{"id":506,"date":"2017-11-22T18:24:07","date_gmt":"2017-11-23T00:24:07","guid":{"rendered":"http:\/\/azor.com.co\/?post_type=product&#038;p=506"},"modified":"2020-04-22T14:07:10","modified_gmt":"2020-04-22T20:07:10","slug":"aquarelo-junior","status":"publish","type":"product","link":"https:\/\/azor.com.co\/index.php\/producto\/aquarelo-junior\/","title":{"rendered":"Aquarelo Junior"},"content":{"rendered":"<ul>\n<li>Tinta base agua, no t\u00f3xica y lavable en casi cualquier superficie.<\/li>\n<li>Punta de bala.<\/li>\n<li>Barril de pl\u00e1stico con dise\u00f1o ergon\u00f3mico triangular.<\/li>\n<li>Tapa antiasfixia.<\/li>\n<li>Ideal para trabajos escolares (libros para colorear, mapas, esquemas, etc); y artes gr\u00e1ficas (papel, cart\u00f3n, cartulina).<\/li>\n<li>Mant\u00e9ngase tapado cuando no se use.<\/li>\n<\/ul>\n","protected":false},"excerpt":{"rendered":"<p style=\"text-align: center;\">\u00a0<img loading=\"lazy\" decoding=\"async\" class=\"alignnone wp-image-583 size-full\" src=\"http:\/\/azor.com.co\/wp-content\/uploads\/2017\/11\/azor_aquarelo_junior_2900_logotipo.jpg\" alt=\"\" width=\"400\" height=\"113\" srcset=\"https:\/\/azor.com.co\/wp-content\/uploads\/2017\/11\/azor_aquarelo_junior_2900_logotipo.jpg 400w, https:\/\/azor.com.co\/wp-content\/uploads\/2017\/11\/azor_aquarelo_junior_2900_logotipo-300x85.jpg 300w\" sizes=\"auto, (max-width: 400px) 100vw, 400px\" \/><\/p>\r\n<p style=\"text-align: center;\"><img loading=\"lazy\" decoding=\"async\" class=\"aligncenter wp-image-2595 size-large\" src=\"http:\/\/azor.com.co\/wp-content\/uploads\/2017\/11\/azor_aquarelo_junior_especificaciones-1024x236.jpg\" alt=\"\" width=\"1024\" height=\"236\" srcset=\"https:\/\/azor.com.co\/wp-content\/uploads\/2017\/11\/azor_aquarelo_junior_especificaciones-1024x236.jpg 1024w, https:\/\/azor.com.co\/wp-content\/uploads\/2017\/11\/azor_aquarelo_junior_especificaciones-600x138.jpg 600w, https:\/\/azor.com.co\/wp-content\/uploads\/2017\/11\/azor_aquarelo_junior_especificaciones-300x69.jpg 300w, https:\/\/azor.com.co\/wp-content\/uploads\/2017\/11\/azor_aquarelo_junior_especificaciones-768x177.jpg 768w, https:\/\/azor.com.co\/wp-content\/uploads\/2017\/11\/azor_aquarelo_junior_especificaciones.jpg 1535w\" sizes=\"auto, (max-width: 1024px) 100vw, 1024px\" \/><\/p>","protected":false},"featured_media":1422,"template":"","meta":{"generate_page_header":"","spay_email":"","jetpack_publicize_message":""},"class_list":["post-506","product","type-product","status-publish","has-post-thumbnail","hentry","product_cat-linea-azor","product_cat-marcadores-base-agua","","woocommerce-text-align-center","woocommerce-image-align-center","wc-has-gallery"],"jetpack_publicize_connections":[],"yoast_head":"<!-- This site is optimized with the Yoast SEO plugin v14.9 - https:\/\/yoast.com\/wordpress\/plugins\/seo\/ -->\n<title>Aquarelo Junior marcador base agua - Grupo Azor M\u00e9xico<\/title>\n<meta name=\"description\" content=\"Marcador Aquarelo Junior de Azor, base agua, lavable, dise\u00f1o ergon\u00f3mico triangular, no t\u00f3xico, punto fino, variedad de brillantes colores y tapa antiasfixia\" \/>\n<meta name=\"robots\" content=\"index, follow, max-snippet:-1, max-image-preview:large, max-video-preview:-1\" \/>\n<link rel=\"canonical\" href=\"http:\/\/azor.com.co\/index.php\/producto\/aquarelo-junior\/\" \/>\n<meta property=\"og:locale\" content=\"es_ES\" \/>\n<meta property=\"og:type\" content=\"article\" \/>\n<meta property=\"og:title\" content=\"Aquarelo Junior marcador base agua - Grupo Azor M\u00e9xico\" \/>\n<meta property=\"og:description\" content=\"Marcador Aquarelo Junior de Azor, base agua, lavable, dise\u00f1o ergon\u00f3mico triangular, no t\u00f3xico, punto fino, variedad de brillantes colores y tapa antiasfixia\" \/>\n<meta property=\"og:url\" content=\"http:\/\/azor.com.co\/index.php\/producto\/aquarelo-junior\/\" \/>\n<meta property=\"og:site_name\" content=\"Azor\" \/>\n<meta property=\"article:modified_time\" content=\"2020-04-22T20:07:10+00:00\" \/>\n<meta property=\"og:image\" content=\"https:\/\/azor.com.co\/wp-content\/uploads\/2017\/11\/azor_aquarelo_junior_2900_productshot_1-1.jpg\" \/>\n\t<meta property=\"og:image:width\" content=\"591\" \/>\n\t<meta property=\"og:image:height\" content=\"591\" \/>\n<meta name=\"twitter:card\" content=\"summary\" \/>\n<script type=\"application\/ld+json\" class=\"yoast-schema-graph\">{\"@context\":\"https:\/\/schema.org\",\"@graph\":[{\"@type\":\"WebSite\",\"@id\":\"https:\/\/azor.com.co\/#website\",\"url\":\"https:\/\/azor.com.co\/\",\"name\":\"Azor\",\"description\":\"\",\"potentialAction\":[{\"@type\":\"SearchAction\",\"target\":\"https:\/\/azor.com.co\/?s={search_term_string}\",\"query-input\":\"required name=search_term_string\"}],\"inLanguage\":\"es\"},{\"@type\":\"ImageObject\",\"@id\":\"http:\/\/azor.com.co\/index.php\/producto\/aquarelo-junior\/#primaryimage\",\"inLanguage\":\"es\",\"url\":\"https:\/\/azor.com.co\/wp-content\/uploads\/2017\/11\/azor_aquarelo_junior_2900_productshot_1-1.jpg\",\"width\":591,\"height\":591},{\"@type\":\"WebPage\",\"@id\":\"http:\/\/azor.com.co\/index.php\/producto\/aquarelo-junior\/#webpage\",\"url\":\"http:\/\/azor.com.co\/index.php\/producto\/aquarelo-junior\/\",\"name\":\"Aquarelo Junior marcador base agua - Grupo Azor M\\u00e9xico\",\"isPartOf\":{\"@id\":\"https:\/\/azor.com.co\/#website\"},\"primaryImageOfPage\":{\"@id\":\"http:\/\/azor.com.co\/index.php\/producto\/aquarelo-junior\/#primaryimage\"},\"datePublished\":\"2017-11-23T00:24:07+00:00\",\"dateModified\":\"2020-04-22T20:07:10+00:00\",\"description\":\"Marcador Aquarelo Junior de Azor, base agua, lavable, dise\\u00f1o ergon\\u00f3mico triangular, no t\\u00f3xico, punto fino, variedad de brillantes colores y tapa antiasfixia\",\"inLanguage\":\"es\",\"potentialAction\":[{\"@type\":\"ReadAction\",\"target\":[\"http:\/\/azor.com.co\/index.php\/producto\/aquarelo-junior\/\"]}]}]}<\/script>\n<!-- \/ Yoast SEO plugin. -->","jetpack_sharing_enabled":true,"_links":{"self":[{"href":"https:\/\/azor.com.co\/index.php\/wp-json\/wp\/v2\/product\/506","targetHints":{"allow":["GET"]}}],"collection":[{"href":"https:\/\/azor.com.co\/index.php\/wp-json\/wp\/v2\/product"}],"about":[{"href":"https:\/\/azor.com.co\/index.php\/wp-json\/wp\/v2\/types\/product"}],"wp:featuredmedia":[{"embeddable":true,"href":"https:\/\/azor.com.co\/index.php\/wp-json\/wp\/v2\/media\/1422"}],"wp:attachment":[{"href":"https:\/\/azor.com.co\/index.php\/wp-json\/wp\/v2\/media?parent=506"}],"curies":[{"name":"wp","href":"https:\/\/api.w.org\/{rel}","templated":true}]}}