{"id":504,"date":"2017-11-22T18:21:30","date_gmt":"2017-11-23T00:21:30","guid":{"rendered":"http:\/\/azor.com.co\/?post_type=product&#038;p=504"},"modified":"2021-02-05T14:00:44","modified_gmt":"2021-02-05T20:00:44","slug":"aquarelo-duo","status":"publish","type":"product","link":"http:\/\/azor.com.co\/index.php\/producto\/aquarelo-duo\/","title":{"rendered":"Aquarelo D\u00fao"},"content":{"rendered":"<ul>\n<li>Tinta base agua, no t\u00f3xica y lavable en casi cualquier superficie.<\/li>\n<li>Doble punta de bala.<\/li>\n<li>Barril de pl\u00e1stico con dise\u00f1o ergon\u00f3mico triangular.<\/li>\n<li>Tapa antiasfixia.<\/li>\n<li>Ideal para trabajos escolares (libros para colorear, mapas, esquemas, etc); y artes gr\u00e1ficas (papel, cart\u00f3n, cartulina).<\/li>\n<li>Mant\u00e9ngase tapado cuando no se use.<\/li>\n<\/ul>\n","protected":false},"excerpt":{"rendered":"<img loading=\"lazy\" decoding=\"async\" class=\"aligncenter wp-image-572 size-full\" src=\"http:\/\/azor.com.co\/wp-content\/uploads\/2017\/11\/azor_aquarelo_duo_29500_logotipo.jpg\" alt=\"\" width=\"400\" height=\"113\" srcset=\"http:\/\/azor.com.co\/wp-content\/uploads\/2017\/11\/azor_aquarelo_duo_29500_logotipo.jpg 400w, http:\/\/azor.com.co\/wp-content\/uploads\/2017\/11\/azor_aquarelo_duo_29500_logotipo-300x85.jpg 300w\" sizes=\"auto, (max-width: 400px) 100vw, 400px\" \/>\r\n<p style=\"text-align: center;\"><img loading=\"lazy\" decoding=\"async\" class=\"aligncenter wp-image-2578 size-large\" src=\"http:\/\/azor.com.co\/wp-content\/uploads\/2017\/11\/azor_aquarelo_duo_especificaciones-1024x473.jpg\" alt=\"\" width=\"1024\" height=\"473\" srcset=\"http:\/\/azor.com.co\/wp-content\/uploads\/2017\/11\/azor_aquarelo_duo_especificaciones-1024x473.jpg 1024w, http:\/\/azor.com.co\/wp-content\/uploads\/2017\/11\/azor_aquarelo_duo_especificaciones-600x277.jpg 600w, http:\/\/azor.com.co\/wp-content\/uploads\/2017\/11\/azor_aquarelo_duo_especificaciones-300x139.jpg 300w, http:\/\/azor.com.co\/wp-content\/uploads\/2017\/11\/azor_aquarelo_duo_especificaciones-768x355.jpg 768w, http:\/\/azor.com.co\/wp-content\/uploads\/2017\/11\/azor_aquarelo_duo_especificaciones.jpg 1535w\" sizes=\"auto, (max-width: 1024px) 100vw, 1024px\" \/><\/p>","protected":false},"featured_media":1424,"template":"","meta":{"generate_page_header":"","spay_email":"","jetpack_publicize_message":""},"class_list":["post-504","product","type-product","status-publish","has-post-thumbnail","hentry","product_cat-linea-azor","product_cat-marcadores-base-agua","","woocommerce-text-align-center","woocommerce-image-align-center","wc-has-gallery"],"jetpack_publicize_connections":[],"yoast_head":"<!-- This site is optimized with the Yoast SEO plugin v14.9 - https:\/\/yoast.com\/wordpress\/plugins\/seo\/ -->\n<title>Aquarelo D\u00fao marcador base agua de doble punta - Grupo Azor M\u00e9xico<\/title>\n<meta name=\"description\" content=\"Marcador Aquarelo D\u00fao de Azor, base agua, doble punta fina, no t\u00f3xico, lavable, ergon\u00f3mico, 100% mexicano, tapa antiasfixia, variedad de brillantes colores\" \/>\n<meta name=\"robots\" content=\"index, follow, max-snippet:-1, max-image-preview:large, max-video-preview:-1\" \/>\n<link rel=\"canonical\" href=\"https:\/\/azor.com.co\/index.php\/producto\/aquarelo-duo\/\" \/>\n<meta property=\"og:locale\" content=\"es_ES\" \/>\n<meta property=\"og:type\" content=\"article\" \/>\n<meta property=\"og:title\" content=\"Aquarelo D\u00fao marcador base agua de doble punta - Grupo Azor M\u00e9xico\" \/>\n<meta property=\"og:description\" content=\"Marcador Aquarelo D\u00fao de Azor, base agua, doble punta fina, no t\u00f3xico, lavable, ergon\u00f3mico, 100% mexicano, tapa antiasfixia, variedad de brillantes colores\" \/>\n<meta property=\"og:url\" content=\"https:\/\/azor.com.co\/index.php\/producto\/aquarelo-duo\/\" \/>\n<meta property=\"og:site_name\" content=\"Azor\" \/>\n<meta property=\"article:modified_time\" content=\"2021-02-05T20:00:44+00:00\" \/>\n<meta property=\"og:image\" content=\"http:\/\/azor.com.co\/wp-content\/uploads\/2017\/11\/azor_aquarelo_duo_29500_productshot_1-1.jpg\" \/>\n\t<meta property=\"og:image:width\" content=\"591\" \/>\n\t<meta property=\"og:image:height\" content=\"591\" \/>\n<meta name=\"twitter:card\" content=\"summary\" \/>\n<script type=\"application\/ld+json\" class=\"yoast-schema-graph\">{\"@context\":\"https:\/\/schema.org\",\"@graph\":[{\"@type\":\"WebSite\",\"@id\":\"http:\/\/azor.com.co\/#website\",\"url\":\"http:\/\/azor.com.co\/\",\"name\":\"Azor\",\"description\":\"\",\"potentialAction\":[{\"@type\":\"SearchAction\",\"target\":\"http:\/\/azor.com.co\/?s={search_term_string}\",\"query-input\":\"required name=search_term_string\"}],\"inLanguage\":\"es\"},{\"@type\":\"ImageObject\",\"@id\":\"https:\/\/azor.com.co\/index.php\/producto\/aquarelo-duo\/#primaryimage\",\"inLanguage\":\"es\",\"url\":\"http:\/\/azor.com.co\/wp-content\/uploads\/2017\/11\/azor_aquarelo_duo_29500_productshot_1-1.jpg\",\"width\":591,\"height\":591},{\"@type\":\"WebPage\",\"@id\":\"https:\/\/azor.com.co\/index.php\/producto\/aquarelo-duo\/#webpage\",\"url\":\"https:\/\/azor.com.co\/index.php\/producto\/aquarelo-duo\/\",\"name\":\"Aquarelo D\\u00fao marcador base agua de doble punta - Grupo Azor M\\u00e9xico\",\"isPartOf\":{\"@id\":\"http:\/\/azor.com.co\/#website\"},\"primaryImageOfPage\":{\"@id\":\"https:\/\/azor.com.co\/index.php\/producto\/aquarelo-duo\/#primaryimage\"},\"datePublished\":\"2017-11-23T00:21:30+00:00\",\"dateModified\":\"2021-02-05T20:00:44+00:00\",\"description\":\"Marcador Aquarelo D\\u00fao de Azor, base agua, doble punta fina, no t\\u00f3xico, lavable, ergon\\u00f3mico, 100% mexicano, tapa antiasfixia, variedad de brillantes colores\",\"inLanguage\":\"es\",\"potentialAction\":[{\"@type\":\"ReadAction\",\"target\":[\"https:\/\/azor.com.co\/index.php\/producto\/aquarelo-duo\/\"]}]}]}<\/script>\n<!-- \/ Yoast SEO plugin. -->","jetpack_sharing_enabled":true,"_links":{"self":[{"href":"http:\/\/azor.com.co\/index.php\/wp-json\/wp\/v2\/product\/504","targetHints":{"allow":["GET"]}}],"collection":[{"href":"http:\/\/azor.com.co\/index.php\/wp-json\/wp\/v2\/product"}],"about":[{"href":"http:\/\/azor.com.co\/index.php\/wp-json\/wp\/v2\/types\/product"}],"wp:featuredmedia":[{"embeddable":true,"href":"http:\/\/azor.com.co\/index.php\/wp-json\/wp\/v2\/media\/1424"}],"wp:attachment":[{"href":"http:\/\/azor.com.co\/index.php\/wp-json\/wp\/v2\/media?parent=504"}],"curies":[{"name":"wp","href":"https:\/\/api.w.org\/{rel}","templated":true}]}}