{"id":501,"date":"2017-11-22T21:15:46","date_gmt":"2017-11-23T03:15:46","guid":{"rendered":"http:\/\/azor.com.co\/?post_type=product&#038;p=501"},"modified":"2020-04-22T15:56:48","modified_gmt":"2020-04-22T21:56:48","slug":"metalink","status":"publish","type":"product","link":"http:\/\/azor.com.co\/index.php\/producto\/metalink\/","title":{"rendered":"Metalink"},"content":{"rendered":"<ul>\n<li>Tinta base agua, met\u00e1lica y permanente sobre casi cualquier superficie.<\/li>\n<li>Punta de bala.<\/li>\n<li>Barril de pl\u00e1stico.<\/li>\n<li>Ideal para resaltar tarjeter\u00eda, arte y dise\u00f1o (metal, cer\u00e1mica, papel, tela, cd\u00b4s, etc.)<\/li>\n<li>Marca en superficies claras y oscuras.<\/li>\n<li>\u00danico marcador en color blanco disponible en el mercado.<\/li>\n<li>Sin v\u00e1lvula de bal\u00edn que evita el chorreo.<\/li>\n<li>Mant\u00e9ngase tapado y en posici\u00f3n horizontal cuando no se use.<\/li>\n<\/ul>\n","protected":false},"excerpt":{"rendered":"<img loading=\"lazy\" decoding=\"async\" class=\"aligncenter wp-image-2670\" src=\"http:\/\/azor.com.co\/wp-content\/uploads\/2017\/11\/azor_signal_metalink_logotipo-300x92.jpg\" alt=\"\" width=\"400\" height=\"123\" srcset=\"http:\/\/azor.com.co\/wp-content\/uploads\/2017\/11\/azor_signal_metalink_logotipo-300x92.jpg 300w, http:\/\/azor.com.co\/wp-content\/uploads\/2017\/11\/azor_signal_metalink_logotipo-600x185.jpg 600w, http:\/\/azor.com.co\/wp-content\/uploads\/2017\/11\/azor_signal_metalink_logotipo-768x237.jpg 768w, http:\/\/azor.com.co\/wp-content\/uploads\/2017\/11\/azor_signal_metalink_logotipo-1024x316.jpg 1024w, http:\/\/azor.com.co\/wp-content\/uploads\/2017\/11\/azor_signal_metalink_logotipo.jpg 1535w\" sizes=\"auto, (max-width: 400px) 100vw, 400px\" \/>\r\n<p style=\"text-align: center;\"><img loading=\"lazy\" decoding=\"async\" class=\"aligncenter wp-image-2671 size-large\" src=\"http:\/\/azor.com.co\/wp-content\/uploads\/2017\/11\/azor_signal_metalink_especificaciones-1024x276.jpg\" alt=\"\" width=\"1024\" height=\"276\" srcset=\"http:\/\/azor.com.co\/wp-content\/uploads\/2017\/11\/azor_signal_metalink_especificaciones-1024x276.jpg 1024w, http:\/\/azor.com.co\/wp-content\/uploads\/2017\/11\/azor_signal_metalink_especificaciones-600x161.jpg 600w, http:\/\/azor.com.co\/wp-content\/uploads\/2017\/11\/azor_signal_metalink_especificaciones-300x81.jpg 300w, http:\/\/azor.com.co\/wp-content\/uploads\/2017\/11\/azor_signal_metalink_especificaciones-768x207.jpg 768w, http:\/\/azor.com.co\/wp-content\/uploads\/2017\/11\/azor_signal_metalink_especificaciones.jpg 1535w\" sizes=\"auto, (max-width: 1024px) 100vw, 1024px\" \/><\/p>","protected":false},"featured_media":2676,"template":"","meta":{"generate_page_header":"","spay_email":"","jetpack_publicize_message":""},"class_list":["post-501","product","type-product","status-publish","has-post-thumbnail","hentry","product_cat-linea-azor","product_cat-marcadores-permanentes","","woocommerce-text-align-center","woocommerce-image-align-center","wc-has-gallery"],"jetpack_publicize_connections":[],"yoast_head":"<!-- This site is optimized with the Yoast SEO plugin v14.9 - https:\/\/yoast.com\/wordpress\/plugins\/seo\/ -->\n<title>Metalink marcador de tinta met\u00e1lica - Grupo Azor M\u00e9xico<\/title>\n<meta name=\"description\" content=\"Metalink de Azor, permanente, tinta met\u00e1lica, de secado r\u00e1pido y resistente al agua, marca en superficies claras y oscuras, colores brillantes, punto fino\" \/>\n<meta name=\"robots\" content=\"index, follow, max-snippet:-1, max-image-preview:large, max-video-preview:-1\" \/>\n<link rel=\"canonical\" href=\"http:\/\/azor.com.co\/index.php\/producto\/metalink\/\" \/>\n<meta property=\"og:locale\" content=\"es_ES\" \/>\n<meta property=\"og:type\" content=\"article\" \/>\n<meta property=\"og:title\" content=\"Metalink marcador de tinta met\u00e1lica - Grupo Azor M\u00e9xico\" \/>\n<meta property=\"og:description\" content=\"Metalink de Azor, permanente, tinta met\u00e1lica, de secado r\u00e1pido y resistente al agua, marca en superficies claras y oscuras, colores brillantes, punto fino\" \/>\n<meta property=\"og:url\" content=\"http:\/\/azor.com.co\/index.php\/producto\/metalink\/\" \/>\n<meta property=\"og:site_name\" content=\"Azor\" \/>\n<meta property=\"article:modified_time\" content=\"2020-04-22T21:56:48+00:00\" \/>\n<meta property=\"og:image\" content=\"http:\/\/azor.com.co\/wp-content\/uploads\/2017\/11\/azor_signal_metalink_3200_productshot_1-1.jpg\" \/>\n\t<meta property=\"og:image:width\" content=\"591\" \/>\n\t<meta property=\"og:image:height\" content=\"591\" \/>\n<meta name=\"twitter:card\" content=\"summary\" \/>\n<script type=\"application\/ld+json\" class=\"yoast-schema-graph\">{\"@context\":\"https:\/\/schema.org\",\"@graph\":[{\"@type\":\"WebSite\",\"@id\":\"http:\/\/azor.com.co\/#website\",\"url\":\"http:\/\/azor.com.co\/\",\"name\":\"Azor\",\"description\":\"\",\"potentialAction\":[{\"@type\":\"SearchAction\",\"target\":\"http:\/\/azor.com.co\/?s={search_term_string}\",\"query-input\":\"required name=search_term_string\"}],\"inLanguage\":\"es\"},{\"@type\":\"ImageObject\",\"@id\":\"http:\/\/azor.com.co\/index.php\/producto\/metalink\/#primaryimage\",\"inLanguage\":\"es\",\"url\":\"http:\/\/azor.com.co\/wp-content\/uploads\/2017\/11\/azor_signal_metalink_3200_productshot_1-1.jpg\",\"width\":591,\"height\":591},{\"@type\":\"WebPage\",\"@id\":\"http:\/\/azor.com.co\/index.php\/producto\/metalink\/#webpage\",\"url\":\"http:\/\/azor.com.co\/index.php\/producto\/metalink\/\",\"name\":\"Metalink marcador de tinta met\\u00e1lica - Grupo Azor M\\u00e9xico\",\"isPartOf\":{\"@id\":\"http:\/\/azor.com.co\/#website\"},\"primaryImageOfPage\":{\"@id\":\"http:\/\/azor.com.co\/index.php\/producto\/metalink\/#primaryimage\"},\"datePublished\":\"2017-11-23T03:15:46+00:00\",\"dateModified\":\"2020-04-22T21:56:48+00:00\",\"description\":\"Metalink de Azor, permanente, tinta met\\u00e1lica, de secado r\\u00e1pido y resistente al agua, marca en superficies claras y oscuras, colores brillantes, punto fino\",\"inLanguage\":\"es\",\"potentialAction\":[{\"@type\":\"ReadAction\",\"target\":[\"http:\/\/azor.com.co\/index.php\/producto\/metalink\/\"]}]}]}<\/script>\n<!-- \/ Yoast SEO plugin. -->","jetpack_sharing_enabled":true,"_links":{"self":[{"href":"http:\/\/azor.com.co\/index.php\/wp-json\/wp\/v2\/product\/501","targetHints":{"allow":["GET"]}}],"collection":[{"href":"http:\/\/azor.com.co\/index.php\/wp-json\/wp\/v2\/product"}],"about":[{"href":"http:\/\/azor.com.co\/index.php\/wp-json\/wp\/v2\/types\/product"}],"wp:featuredmedia":[{"embeddable":true,"href":"http:\/\/azor.com.co\/index.php\/wp-json\/wp\/v2\/media\/2676"}],"wp:attachment":[{"href":"http:\/\/azor.com.co\/index.php\/wp-json\/wp\/v2\/media?parent=501"}],"curies":[{"name":"wp","href":"https:\/\/api.w.org\/{rel}","templated":true}]}}