{"id":496,"date":"2017-11-22T18:00:03","date_gmt":"2017-11-23T00:00:03","guid":{"rendered":"http:\/\/azor.com.co\/?post_type=product&#038;p=496"},"modified":"2020-04-22T15:00:39","modified_gmt":"2020-04-22T21:00:39","slug":"check-it","status":"publish","type":"product","link":"http:\/\/azor.com.co\/index.php\/producto\/check-it\/","title":{"rendered":"Check-it"},"content":{"rendered":"<ul>\n<li>Tinta especial para detectar billetes falsos, no t\u00f3xica.<\/li>\n<li>El color claro indica que el billete es aut\u00e9ntico, el color oscuro indica que puede ser falso.<\/li>\n<li>Barril de pl\u00e1stico.<\/li>\n<li>Funciona en billetes no plastificados de M\u00e9xico, Estados Unidos, Am\u00e9rica Latina y los principales pa\u00edses de Europa y Asia.<\/li>\n<li>No se exponga el marcador a la luz.<\/li>\n<li>Mant\u00e9ngase tapado cuando no se use.<\/li>\n<\/ul>\n","protected":false},"excerpt":{"rendered":"<img loading=\"lazy\" decoding=\"async\" class=\"aligncenter wp-image-2659\" src=\"http:\/\/azor.com.co\/wp-content\/uploads\/2017\/11\/azor_signal_checkit_logotipo-300x92.jpg\" alt=\"\" width=\"400\" height=\"123\" srcset=\"http:\/\/azor.com.co\/wp-content\/uploads\/2017\/11\/azor_signal_checkit_logotipo-300x92.jpg 300w, http:\/\/azor.com.co\/wp-content\/uploads\/2017\/11\/azor_signal_checkit_logotipo-600x185.jpg 600w, http:\/\/azor.com.co\/wp-content\/uploads\/2017\/11\/azor_signal_checkit_logotipo-768x237.jpg 768w, http:\/\/azor.com.co\/wp-content\/uploads\/2017\/11\/azor_signal_checkit_logotipo-1024x316.jpg 1024w, http:\/\/azor.com.co\/wp-content\/uploads\/2017\/11\/azor_signal_checkit_logotipo.jpg 1535w\" sizes=\"auto, (max-width: 400px) 100vw, 400px\" \/>\r\n<p style=\"text-align: center;\"><img loading=\"lazy\" decoding=\"async\" class=\"aligncenter wp-image-2660 size-large\" src=\"http:\/\/azor.com.co\/wp-content\/uploads\/2017\/11\/azor_signal_checkit_especificaciones-1024x276.jpg\" alt=\"\" width=\"1024\" height=\"276\" srcset=\"http:\/\/azor.com.co\/wp-content\/uploads\/2017\/11\/azor_signal_checkit_especificaciones-1024x276.jpg 1024w, http:\/\/azor.com.co\/wp-content\/uploads\/2017\/11\/azor_signal_checkit_especificaciones-600x161.jpg 600w, http:\/\/azor.com.co\/wp-content\/uploads\/2017\/11\/azor_signal_checkit_especificaciones-300x81.jpg 300w, http:\/\/azor.com.co\/wp-content\/uploads\/2017\/11\/azor_signal_checkit_especificaciones-768x207.jpg 768w, http:\/\/azor.com.co\/wp-content\/uploads\/2017\/11\/azor_signal_checkit_especificaciones.jpg 1535w\" sizes=\"auto, (max-width: 1024px) 100vw, 1024px\" \/><\/p>","protected":false},"featured_media":2664,"template":"","meta":{"generate_page_header":"","spay_email":"","jetpack_publicize_message":""},"class_list":["post-496","product","type-product","status-publish","has-post-thumbnail","hentry","product_cat-linea-azor","product_cat-marcadores-permanentes","","woocommerce-text-align-center","woocommerce-image-align-center","wc-has-gallery"],"jetpack_publicize_connections":[],"yoast_head":"<!-- This site is optimized with the Yoast SEO plugin v14.9 - https:\/\/yoast.com\/wordpress\/plugins\/seo\/ -->\n<title>Check It marcador para billetes falsos - Grupo Azor M\u00e9xico<\/title>\n<meta name=\"description\" content=\"Check it de Azor, marcador para detectar billetes falsos, para billetes no plastificados de M\u00e9xico, Estados Unidos y principales pa\u00edses de Europa y Asia\" \/>\n<meta name=\"robots\" content=\"index, follow, max-snippet:-1, max-image-preview:large, max-video-preview:-1\" \/>\n<link rel=\"canonical\" href=\"http:\/\/azor.com.co\/index.php\/producto\/check-it\/\" \/>\n<meta property=\"og:locale\" content=\"es_ES\" \/>\n<meta property=\"og:type\" content=\"article\" \/>\n<meta property=\"og:title\" content=\"Check It marcador para billetes falsos - Grupo Azor M\u00e9xico\" \/>\n<meta property=\"og:description\" content=\"Check it de Azor, marcador para detectar billetes falsos, para billetes no plastificados de M\u00e9xico, Estados Unidos y principales pa\u00edses de Europa y Asia\" \/>\n<meta property=\"og:url\" content=\"http:\/\/azor.com.co\/index.php\/producto\/check-it\/\" \/>\n<meta property=\"og:site_name\" content=\"Azor\" \/>\n<meta property=\"article:modified_time\" content=\"2020-04-22T21:00:39+00:00\" \/>\n<meta property=\"og:image\" content=\"http:\/\/azor.com.co\/wp-content\/uploads\/2017\/11\/azor_check_it_3200_productshot_2-1.jpg\" \/>\n\t<meta property=\"og:image:width\" content=\"591\" \/>\n\t<meta property=\"og:image:height\" content=\"591\" \/>\n<meta name=\"twitter:card\" content=\"summary\" \/>\n<script type=\"application\/ld+json\" class=\"yoast-schema-graph\">{\"@context\":\"https:\/\/schema.org\",\"@graph\":[{\"@type\":\"WebSite\",\"@id\":\"http:\/\/azor.com.co\/#website\",\"url\":\"http:\/\/azor.com.co\/\",\"name\":\"Azor\",\"description\":\"\",\"potentialAction\":[{\"@type\":\"SearchAction\",\"target\":\"http:\/\/azor.com.co\/?s={search_term_string}\",\"query-input\":\"required name=search_term_string\"}],\"inLanguage\":\"es\"},{\"@type\":\"ImageObject\",\"@id\":\"http:\/\/azor.com.co\/index.php\/producto\/check-it\/#primaryimage\",\"inLanguage\":\"es\",\"url\":\"http:\/\/azor.com.co\/wp-content\/uploads\/2017\/11\/azor_check_it_3200_productshot_2-1.jpg\",\"width\":591,\"height\":591},{\"@type\":\"WebPage\",\"@id\":\"http:\/\/azor.com.co\/index.php\/producto\/check-it\/#webpage\",\"url\":\"http:\/\/azor.com.co\/index.php\/producto\/check-it\/\",\"name\":\"Check It marcador para billetes falsos - Grupo Azor M\\u00e9xico\",\"isPartOf\":{\"@id\":\"http:\/\/azor.com.co\/#website\"},\"primaryImageOfPage\":{\"@id\":\"http:\/\/azor.com.co\/index.php\/producto\/check-it\/#primaryimage\"},\"datePublished\":\"2017-11-23T00:00:03+00:00\",\"dateModified\":\"2020-04-22T21:00:39+00:00\",\"description\":\"Check it de Azor, marcador para detectar billetes falsos, para billetes no plastificados de M\\u00e9xico, Estados Unidos y principales pa\\u00edses de Europa y Asia\",\"inLanguage\":\"es\",\"potentialAction\":[{\"@type\":\"ReadAction\",\"target\":[\"http:\/\/azor.com.co\/index.php\/producto\/check-it\/\"]}]}]}<\/script>\n<!-- \/ Yoast SEO plugin. -->","jetpack_sharing_enabled":true,"_links":{"self":[{"href":"http:\/\/azor.com.co\/index.php\/wp-json\/wp\/v2\/product\/496","targetHints":{"allow":["GET"]}}],"collection":[{"href":"http:\/\/azor.com.co\/index.php\/wp-json\/wp\/v2\/product"}],"about":[{"href":"http:\/\/azor.com.co\/index.php\/wp-json\/wp\/v2\/types\/product"}],"wp:featuredmedia":[{"embeddable":true,"href":"http:\/\/azor.com.co\/index.php\/wp-json\/wp\/v2\/media\/2664"}],"wp:attachment":[{"href":"http:\/\/azor.com.co\/index.php\/wp-json\/wp\/v2\/media?parent=496"}],"curies":[{"name":"wp","href":"https:\/\/api.w.org\/{rel}","templated":true}]}}