{"id":3030,"date":"2022-04-11T08:47:16","date_gmt":"2022-04-11T14:47:16","guid":{"rendered":"http:\/\/azor.com.co\/?post_type=product&#038;p=3030"},"modified":"2022-07-21T11:16:42","modified_gmt":"2022-07-21T17:16:42","slug":"big-point","status":"publish","type":"product","link":"http:\/\/azor.com.co\/index.php\/producto\/big-point\/","title":{"rendered":"Big Point"},"content":{"rendered":"<ul>\n<li>Tinta de baja viscosidad que brinda un flujo instant\u00e1neo haciendo que la escritura se m\u00e1s suave y c\u00f3moda.<\/li>\n<li>Tap\u00f3n para cord\u00f3n que facilita su uso en cajas, mostradores o ventanillas.<\/li>\n<li>Tip seal (punto de cera) que evita el chorreo. Ret\u00edrelo antes de usar.<\/li>\n<li>Punto grueso de 1.2 mm.<\/li>\n<li>Barril de pl\u00e1stico transparente con dise\u00f1o anti-rodamiento.<\/li>\n<li>Se recomienda no agitar el producto.<\/li>\n<\/ul>\n","protected":false},"excerpt":{"rendered":"<p style=\"text-align: center;\"><img loading=\"lazy\" decoding=\"async\" class=\"alignnone size-full wp-image-5241\" src=\"https:\/\/web.azor.com.mx\/wp-content\/uploads\/2021\/05\/Logo-Big-Point.jpg\" alt=\"\" width=\"1182\" height=\"591\" \/><\/p>\r\n\r\n\r\n<hr \/>\r\n\r\n<h3 style=\"color: #005cb9; text-align: left;\">Breve Descripci\u00f3n:<\/h3>\r\n<h4 style=\"color: #009191; text-align: left;\">Bol\u00edgrafo de punto grueso de 1.2 mm. Tap\u00f3n con ranura para cord\u00f3n. Tinta de baja viscosidad para una escritura m\u00e1s fluida y c\u00f3moda. Barril de pl\u00e1stico transparente con dise\u00f1o anti-rodamiento.<\/h4>\r\n\r\n<hr \/>\r\n<p style=\"text-align: center;\"><img loading=\"lazy\" decoding=\"async\" class=\"alignnone size-full wp-image-5242\" src=\"https:\/\/web.azor.com.mx\/wp-content\/uploads\/2021\/07\/azor_boligrafo_Bigpoint_grueso_especificaciones.jpg\" alt=\"\" width=\"1535\" height=\"413\" \/><\/p>\r\n\r\n\r\n<hr \/>\r\n\r\n<h3 style=\"color: #005cb9; text-align: left;\">Comprar en L\u00ednea:<\/h3>\r\n<h3 style=\"color: #005cb9; text-align: left;\">\u00a0 <a href=\"http:\/\/web.azor.com.mx\/index.php\/comprar-en-linea-mexico\/\" target=\"_blank\" rel=\"noopener noreferrer\"><img loading=\"lazy\" decoding=\"async\" class=\"wp-image-4381 alignleft\" src=\"http:\/\/web.azor.com.mx\/wp-content\/uploads\/2020\/07\/bandera_mx-300x172.jpg\" alt=\"\" width=\"37\" height=\"25\" \/>\u00a0<\/a><a href=\"http:\/\/web.azor.com.mx\/index.php\/comprar-en-linea-colombia\/\" target=\"_blank\" rel=\"noopener noreferrer\"><img loading=\"lazy\" decoding=\"async\" class=\"wp-image-4382 alignleft\" src=\"http:\/\/web.azor.com.mx\/wp-content\/uploads\/2020\/07\/bandera_colombia-300x170.jpg\" alt=\"\" width=\"37\" height=\"25\" \/> <\/a><a href=\"http:\/\/web.azor.com.mx\/index.php\/comprar-en-linea-costa-rica\/\" target=\"_blank\" rel=\"noopener noreferrer\">\u00a0<img loading=\"lazy\" decoding=\"async\" class=\"wp-image-4383 alignleft\" src=\"http:\/\/web.azor.com.mx\/wp-content\/uploads\/2020\/07\/bandera_costa-rica-300x172.jpg\" alt=\"\" width=\"37\" height=\"25\" \/> \u00a0<\/a><a href=\"http:\/\/web.azor.com.mx\/index.php\/comprar-en-linea-el-salvador\/\" target=\"_blank\" rel=\"noopener noreferrer\"><img loading=\"lazy\" decoding=\"async\" class=\"wp-image-4384 alignleft\" src=\"http:\/\/web.azor.com.mx\/wp-content\/uploads\/2020\/07\/bandera_el-salvador-300x172.jpg\" width=\"37\" height=\"25\" \/> \u00a0<\/a><a href=\"http:\/\/web.azor.com.mx\/index.php\/comprar-en-linea-guatemala\/\" target=\"_blank\" rel=\"noopener noreferrer\"><img loading=\"lazy\" decoding=\"async\" class=\"wp-image-4385 alignleft\" src=\"http:\/\/web.azor.com.mx\/wp-content\/uploads\/2020\/07\/bandera_guatemala-300x172.jpg\" alt=\"\" width=\"37\" height=\"25\" \/> \u00a0<\/a><a href=\"http:\/\/web.azor.com.mx\/index.php\/comprar-en-linea-honduras\/\" target=\"_blank\" rel=\"noopener noreferrer\"><img loading=\"lazy\" decoding=\"async\" class=\"wp-image-4386 alignleft\" src=\"http:\/\/web.azor.com.mx\/wp-content\/uploads\/2020\/07\/bandera_honduras-300x172.jpg\" alt=\"\" width=\"37\" height=\"25\" \/> \u00a0<\/a><a href=\"http:\/\/web.azor.com.mx\/index.php\/comprar-en-linea-panama\/\" target=\"_blank\" rel=\"noopener noreferrer\"><img loading=\"lazy\" decoding=\"async\" class=\"wp-image-4387 alignleft\" src=\"http:\/\/web.azor.com.mx\/wp-content\/uploads\/2020\/07\/bandera_panama-300x172.jpg\" alt=\"\" width=\"37\" height=\"25\" \/> \u00a0<\/a><a href=\"http:\/\/web.azor.com.mx\/index.php\/comprar-en-linea-nicaragua\/\" target=\"_blank\" rel=\"noopener noreferrer\"><img loading=\"lazy\" decoding=\"async\" class=\"wp-image-4448 alignleft\" src=\"http:\/\/web.azor.com.mx\/wp-content\/uploads\/2020\/07\/banderas_nicaragua_-300x173.jpg\" alt=\"\" width=\"37\" height=\"25\" \/>\u00a0<\/a><\/h3>\r\n\r\n<hr \/>\r\n\r\n<h3 style=\"color: #005cb9; text-align: left;\">Buscar Tienda:<\/h3>\r\n<h3 style=\"color: #005cb9; text-align: left;\"><a href=\"http:\/\/web.azor.com.mx\/index.php\/donde-comprar\/\" target=\"_blank\" rel=\"noopener noreferrer\"><img loading=\"lazy\" decoding=\"async\" class=\"wp-image-2112 alignleft\" src=\"http:\/\/web.azor.com.mx\/wp-content\/uploads\/2017\/12\/logo-google-maps-2.png\" alt=\"\" width=\"43\" height=\"35\" \/><\/a><\/h3>\r\n&nbsp;\r\n\r\n<hr \/>\r\n\r\n<h3 style=\"color: #005cb9; text-align: left;\">Comp\u00e1rtenos en:<\/h3>\r\n[Sassy_Social_Share]\r\n<p style=\"text-align: center;\"><\/p>","protected":false},"featured_media":3057,"template":"","meta":{"generate_page_header":"","spay_email":"","jetpack_publicize_message":""},"class_list":["post-3030","product","type-product","status-publish","has-post-thumbnail","hentry","product_cat-boligrafos-grupo-azor-mexico","product_cat-linea-azor","","woocommerce-text-align-center","woocommerce-image-align-center","wc-has-gallery"],"jetpack_publicize_connections":[],"yoast_head":"<!-- This site is optimized with the Yoast SEO plugin v14.9 - https:\/\/yoast.com\/wordpress\/plugins\/seo\/ -->\n<title>Big Point - Bol\u00edgrafo punto grueso 1.2 mm. -Azul,negro, rojo - Azor<\/title>\n<meta name=\"description\" content=\"Bol\u00edgrafo de punto grueso de 1.2 mm. Tap\u00f3n con ranura para cord\u00f3n. Tinta de baja viscosidad para una escritura m\u00e1s fluida y c\u00f3moda.\" \/>\n<meta name=\"robots\" content=\"index, follow, max-snippet:-1, max-image-preview:large, max-video-preview:-1\" \/>\n<link rel=\"canonical\" href=\"http:\/\/azor.com.co\/index.php\/\/producto\/big-point\/\" \/>\n<meta property=\"og:locale\" content=\"es_ES\" \/>\n<meta property=\"og:type\" content=\"article\" \/>\n<meta property=\"og:title\" content=\"Big Point - Bol\u00edgrafo punto grueso 1.2 mm. -Azul,negro, rojo - Azor\" \/>\n<meta property=\"og:description\" content=\"Bol\u00edgrafo de punto grueso de 1.2 mm. Tap\u00f3n con ranura para cord\u00f3n. Tinta de baja viscosidad para una escritura m\u00e1s fluida y c\u00f3moda.\" \/>\n<meta property=\"og:url\" content=\"http:\/\/azor.com.co\/index.php\/\/producto\/big-point\/\" \/>\n<meta property=\"og:site_name\" content=\"Azor\" \/>\n<meta property=\"article:modified_time\" content=\"2022-07-21T17:16:42+00:00\" \/>\n<meta property=\"og:image\" content=\"http:\/\/azor.com.co\/wp-content\/uploads\/2022\/04\/6883-Pinpoint_Big-point.jpg\" \/>\n\t<meta property=\"og:image:width\" content=\"2500\" \/>\n\t<meta property=\"og:image:height\" content=\"2500\" \/>\n<meta name=\"twitter:card\" content=\"summary\" \/>\n<script type=\"application\/ld+json\" class=\"yoast-schema-graph\">{\"@context\":\"https:\/\/schema.org\",\"@graph\":[{\"@type\":\"WebSite\",\"@id\":\"http:\/\/azor.com.co\/#website\",\"url\":\"http:\/\/azor.com.co\/\",\"name\":\"Azor\",\"description\":\"\",\"potentialAction\":[{\"@type\":\"SearchAction\",\"target\":\"http:\/\/azor.com.co\/?s={search_term_string}\",\"query-input\":\"required name=search_term_string\"}],\"inLanguage\":\"es\"},{\"@type\":\"ImageObject\",\"@id\":\"http:\/\/azor.com.co\/index.php\/\/producto\/big-point\/#primaryimage\",\"inLanguage\":\"es\",\"url\":\"http:\/\/azor.com.co\/wp-content\/uploads\/2022\/04\/6883-Pinpoint_Big-point.jpg\",\"width\":2500,\"height\":2500},{\"@type\":\"WebPage\",\"@id\":\"http:\/\/azor.com.co\/index.php\/\/producto\/big-point\/#webpage\",\"url\":\"http:\/\/azor.com.co\/index.php\/\/producto\/big-point\/\",\"name\":\"Big Point - Bol\\u00edgrafo punto grueso 1.2 mm. -Azul,negro, rojo - Azor\",\"isPartOf\":{\"@id\":\"http:\/\/azor.com.co\/#website\"},\"primaryImageOfPage\":{\"@id\":\"http:\/\/azor.com.co\/index.php\/\/producto\/big-point\/#primaryimage\"},\"datePublished\":\"2022-04-11T14:47:16+00:00\",\"dateModified\":\"2022-07-21T17:16:42+00:00\",\"description\":\"Bol\\u00edgrafo de punto grueso de 1.2 mm. Tap\\u00f3n con ranura para cord\\u00f3n. Tinta de baja viscosidad para una escritura m\\u00e1s fluida y c\\u00f3moda.\",\"inLanguage\":\"es\",\"potentialAction\":[{\"@type\":\"ReadAction\",\"target\":[\"http:\/\/azor.com.co\/index.php\/\/producto\/big-point\/\"]}]}]}<\/script>\n<!-- \/ Yoast SEO plugin. -->","jetpack_sharing_enabled":true,"_links":{"self":[{"href":"http:\/\/azor.com.co\/index.php\/wp-json\/wp\/v2\/product\/3030","targetHints":{"allow":["GET"]}}],"collection":[{"href":"http:\/\/azor.com.co\/index.php\/wp-json\/wp\/v2\/product"}],"about":[{"href":"http:\/\/azor.com.co\/index.php\/wp-json\/wp\/v2\/types\/product"}],"wp:featuredmedia":[{"embeddable":true,"href":"http:\/\/azor.com.co\/index.php\/wp-json\/wp\/v2\/media\/3057"}],"wp:attachment":[{"href":"http:\/\/azor.com.co\/index.php\/wp-json\/wp\/v2\/media?parent=3030"}],"curies":[{"name":"wp","href":"https:\/\/api.w.org\/{rel}","templated":true}]}}