{"id":1714,"date":"2017-12-11T14:01:20","date_gmt":"2017-12-11T20:01:20","guid":{"rendered":"http:\/\/azor.com.co\/?post_type=product&#038;p=1714"},"modified":"2018-01-19T17:04:55","modified_gmt":"2018-01-19T23:04:55","slug":"placa-elite-mini-16x16-cm","status":"publish","type":"product","link":"http:\/\/azor.com.co\/index.php\/producto\/placa-elite-mini-16x16-cm\/","title":{"rendered":"Placa Elite Mini 16&#215;16 cm"},"content":{"rendered":"<ul>\n<li>Se\u00f1alizaci\u00f3n de pared.<\/li>\n<li>Con perforaciones en las esquinas para fijar.<\/li>\n<li>Incluye cintas autoadheribles, taquetes y tornillos.<\/li>\n<li>Visibilidad de 0 a 6 metros de distancia.<\/li>\n<li>Acorde a la NOM 026 STPS Y 003 SEGOB NMX-S-062-SCFI-2015<\/li>\n<li>Fabricada en acr\u00edlico.<\/li>\n<li>Modelos fosforescentes (luminosidad con duraci\u00f3n m\u00ednima de 4 horas): Salida de Emergencia, Ruta de Evacuaci\u00f3n (flecha izquierda), Ruta de Evacuaci\u00f3n (flecha derecha) y Extintor.<\/li>\n<li>Modelos sin luminiscencia: Ba\u00f1os Hombres, Ba\u00f1os Mujeres y Prohibido Fumar.<\/li>\n<\/ul>\n","protected":false},"excerpt":{"rendered":"<p style=\"text-align: center;\"><img loading=\"lazy\" decoding=\"async\" class=\"alignnone size-medium wp-image-1564\" src=\"http:\/\/azor.com.co\/wp-content\/uploads\/2017\/12\/sablon_logotipo-300x85.png\" alt=\"\" width=\"300\" height=\"85\" srcset=\"http:\/\/azor.com.co\/wp-content\/uploads\/2017\/12\/sablon_logotipo-300x85.png 300w, http:\/\/azor.com.co\/wp-content\/uploads\/2017\/12\/sablon_logotipo.png 400w\" sizes=\"auto, (max-width: 300px) 100vw, 300px\" \/><\/p>","protected":false},"featured_media":2398,"template":"","meta":{"generate_page_header":"","spay_email":"","jetpack_publicize_message":""},"class_list":["post-1714","product","type-product","status-publish","has-post-thumbnail","hentry","product_cat-linea-sablon","product_cat-senalizacion","","woocommerce-text-align-center","woocommerce-image-align-center","wc-has-gallery"],"jetpack_publicize_connections":[],"yoast_head":"<!-- This site is optimized with the Yoast SEO plugin v14.9 - https:\/\/yoast.com\/wordpress\/plugins\/seo\/ -->\n<title>Placa Elite Mini 16x16 cm - Azor<\/title>\n<meta name=\"robots\" content=\"index, follow, max-snippet:-1, max-image-preview:large, max-video-preview:-1\" \/>\n<link rel=\"canonical\" href=\"http:\/\/azor.com.co\/index.php\/producto\/placa-elite-mini-16x16-cm\/\" \/>\n<meta property=\"og:locale\" content=\"es_ES\" \/>\n<meta property=\"og:type\" content=\"article\" \/>\n<meta property=\"og:title\" content=\"Placa Elite Mini 16x16 cm - Azor\" \/>\n<meta property=\"og:url\" content=\"http:\/\/azor.com.co\/index.php\/producto\/placa-elite-mini-16x16-cm\/\" \/>\n<meta property=\"og:site_name\" content=\"Azor\" \/>\n<meta property=\"article:modified_time\" content=\"2018-01-19T23:04:55+00:00\" \/>\n<meta property=\"og:image\" content=\"http:\/\/azor.com.co\/wp-content\/uploads\/2018\/01\/sablon_sen\u0303alizacion_placa_elite_mini_1.jpg\" \/>\n\t<meta property=\"og:image:width\" content=\"591\" \/>\n\t<meta property=\"og:image:height\" content=\"591\" \/>\n<meta name=\"twitter:card\" content=\"summary\" \/>\n<script type=\"application\/ld+json\" class=\"yoast-schema-graph\">{\"@context\":\"https:\/\/schema.org\",\"@graph\":[{\"@type\":\"WebSite\",\"@id\":\"http:\/\/azor.com.co\/#website\",\"url\":\"http:\/\/azor.com.co\/\",\"name\":\"Azor\",\"description\":\"\",\"potentialAction\":[{\"@type\":\"SearchAction\",\"target\":\"http:\/\/azor.com.co\/?s={search_term_string}\",\"query-input\":\"required name=search_term_string\"}],\"inLanguage\":\"es\"},{\"@type\":\"ImageObject\",\"@id\":\"http:\/\/azor.com.co\/index.php\/producto\/placa-elite-mini-16x16-cm\/#primaryimage\",\"inLanguage\":\"es\",\"url\":\"http:\/\/azor.com.co\/wp-content\/uploads\/2018\/01\/sablon_sen\\u0303alizacion_placa_elite_mini_1.jpg\",\"width\":591,\"height\":591},{\"@type\":\"WebPage\",\"@id\":\"http:\/\/azor.com.co\/index.php\/producto\/placa-elite-mini-16x16-cm\/#webpage\",\"url\":\"http:\/\/azor.com.co\/index.php\/producto\/placa-elite-mini-16x16-cm\/\",\"name\":\"Placa Elite Mini 16x16 cm - Azor\",\"isPartOf\":{\"@id\":\"http:\/\/azor.com.co\/#website\"},\"primaryImageOfPage\":{\"@id\":\"http:\/\/azor.com.co\/index.php\/producto\/placa-elite-mini-16x16-cm\/#primaryimage\"},\"datePublished\":\"2017-12-11T20:01:20+00:00\",\"dateModified\":\"2018-01-19T23:04:55+00:00\",\"inLanguage\":\"es\",\"potentialAction\":[{\"@type\":\"ReadAction\",\"target\":[\"http:\/\/azor.com.co\/index.php\/producto\/placa-elite-mini-16x16-cm\/\"]}]}]}<\/script>\n<!-- \/ Yoast SEO plugin. -->","jetpack_sharing_enabled":true,"_links":{"self":[{"href":"http:\/\/azor.com.co\/index.php\/wp-json\/wp\/v2\/product\/1714","targetHints":{"allow":["GET"]}}],"collection":[{"href":"http:\/\/azor.com.co\/index.php\/wp-json\/wp\/v2\/product"}],"about":[{"href":"http:\/\/azor.com.co\/index.php\/wp-json\/wp\/v2\/types\/product"}],"wp:featuredmedia":[{"embeddable":true,"href":"http:\/\/azor.com.co\/index.php\/wp-json\/wp\/v2\/media\/2398"}],"wp:attachment":[{"href":"http:\/\/azor.com.co\/index.php\/wp-json\/wp\/v2\/media?parent=1714"}],"curies":[{"name":"wp","href":"https:\/\/api.w.org\/{rel}","templated":true}]}}