{"id":1329,"date":"2017-12-06T14:37:09","date_gmt":"2017-12-06T20:37:09","guid":{"rendered":"http:\/\/azor.com.co\/?post_type=product&#038;p=1329"},"modified":"2020-05-09T14:23:10","modified_gmt":"2020-05-09T20:23:10","slug":"httpazor-com-mxindex-phpproductohttpazor-com-mxindex-phpproductohttpazor-com-mxindex-phpproductohttpazor-com-mxindex-phpcategoria-productolinea-kineramultitarjetetasconindice","status":"publish","type":"product","link":"http:\/\/azor.com.co\/index.php\/producto\/httpazor-com-mxindex-phpproductohttpazor-com-mxindex-phpproductohttpazor-com-mxindex-phpproductohttpazor-com-mxindex-phpcategoria-productolinea-kineramultitarjetetasconindice\/","title":{"rendered":"Multitarjetas con \u00cdndice"},"content":{"rendered":"<ul>\n<li class=\"p1\">Protectores de polipropileno (material reciclable) para almacenamiento de tarjetas de presentaci\u00f3n.<\/li>\n<li class=\"p1\">Insertos laterales para \u00edndice.<\/li>\n<li class=\"p1\">Perforaciones laterales para carpetas de argollas o registradores.<\/li>\n<li>Las tarjetas no se pegan ni levantan la impresi\u00f3n.<\/li>\n<li>F\u00e1cil inserci\u00f3n de las hojas.<\/li>\n<li>Tama\u00f1o carta.<\/li>\n<\/ul>\n","protected":false},"excerpt":{"rendered":"<p style=\"text-align: center;\"><img loading=\"lazy\" decoding=\"async\" class=\"aligncenter wp-image-2807 size-full\" src=\"http:\/\/azor.com.co\/wp-content\/uploads\/2017\/12\/kinera_mutitarjetas_indice_3805_logotipo-1.jpg\" alt=\"\" width=\"400\" height=\"85\" srcset=\"http:\/\/azor.com.co\/wp-content\/uploads\/2017\/12\/kinera_mutitarjetas_indice_3805_logotipo-1.jpg 400w, http:\/\/azor.com.co\/wp-content\/uploads\/2017\/12\/kinera_mutitarjetas_indice_3805_logotipo-1-300x64.jpg 300w\" sizes=\"auto, (max-width: 400px) 100vw, 400px\" \/><\/p>\r\n<p style=\"text-align: center;\"><img loading=\"lazy\" decoding=\"async\" class=\"alignnone size-full wp-image-1331\" src=\"http:\/\/azor.com.co\/wp-content\/uploads\/2017\/12\/kinera_mutitarjetas_indice_3805_especificaciones.jpg\" alt=\"\" width=\"266\" height=\"254\" \/><\/p>","protected":false},"featured_media":2808,"template":"","meta":{"generate_page_header":"","spay_email":"","jetpack_publicize_message":""},"class_list":["post-1329","product","type-product","status-publish","has-post-thumbnail","hentry","product_cat-linea-kinera","product_cat-protectores-de-hojas","","woocommerce-text-align-center","woocommerce-image-align-center","wc-has-gallery"],"jetpack_publicize_connections":[],"yoast_head":"<!-- This site is optimized with the Yoast SEO plugin v14.9 - https:\/\/yoast.com\/wordpress\/plugins\/seo\/ -->\n<title>Kinera Multitarjetas con Indice - Grupo Azor M\u00e9xico<\/title>\n<meta name=\"description\" content=\"Protectores para tarjetas de presentaci\u00f3n Kinera de Azor, reciclables, tama\u00f1o carta, con capacidad para 10 tarjetas de presentaci\u00f3n por cara, para carpetas\" \/>\n<meta name=\"robots\" content=\"index, follow, max-snippet:-1, max-image-preview:large, max-video-preview:-1\" \/>\n<link rel=\"canonical\" href=\"http:\/\/azor.com.co\/index.php\/producto\/httpazor-com-mxindex-phpproductohttpazor-com-mxindex-phpproductohttpazor-com-mxindex-phpproductohttpazor-com-mxindex-phpcategoria-productolinea-kineramultitarjetetasconindice\/\" \/>\n<meta property=\"og:locale\" content=\"es_ES\" \/>\n<meta property=\"og:type\" content=\"article\" \/>\n<meta property=\"og:title\" content=\"Kinera Multitarjetas con Indice - Grupo Azor M\u00e9xico\" \/>\n<meta property=\"og:description\" content=\"Protectores para tarjetas de presentaci\u00f3n Kinera de Azor, reciclables, tama\u00f1o carta, con capacidad para 10 tarjetas de presentaci\u00f3n por cara, para carpetas\" \/>\n<meta property=\"og:url\" content=\"http:\/\/azor.com.co\/index.php\/producto\/httpazor-com-mxindex-phpproductohttpazor-com-mxindex-phpproductohttpazor-com-mxindex-phpproductohttpazor-com-mxindex-phpcategoria-productolinea-kineramultitarjetetasconindice\/\" \/>\n<meta property=\"og:site_name\" content=\"Azor\" \/>\n<meta property=\"article:modified_time\" content=\"2020-05-09T20:23:10+00:00\" \/>\n<meta property=\"og:image\" content=\"http:\/\/azor.com.co\/wp-content\/uploads\/2017\/12\/kinera_mutitarjetas_indice_3805_1-1.jpg\" \/>\n\t<meta property=\"og:image:width\" content=\"591\" \/>\n\t<meta property=\"og:image:height\" content=\"591\" \/>\n<meta name=\"twitter:card\" content=\"summary\" \/>\n<script type=\"application\/ld+json\" class=\"yoast-schema-graph\">{\"@context\":\"https:\/\/schema.org\",\"@graph\":[{\"@type\":\"WebSite\",\"@id\":\"http:\/\/azor.com.co\/#website\",\"url\":\"http:\/\/azor.com.co\/\",\"name\":\"Azor\",\"description\":\"\",\"potentialAction\":[{\"@type\":\"SearchAction\",\"target\":\"http:\/\/azor.com.co\/?s={search_term_string}\",\"query-input\":\"required name=search_term_string\"}],\"inLanguage\":\"es\"},{\"@type\":\"ImageObject\",\"@id\":\"http:\/\/azor.com.co\/index.php\/producto\/httpazor-com-mxindex-phpproductohttpazor-com-mxindex-phpproductohttpazor-com-mxindex-phpproductohttpazor-com-mxindex-phpcategoria-productolinea-kineramultitarjetetasconindice\/#primaryimage\",\"inLanguage\":\"es\",\"url\":\"http:\/\/azor.com.co\/wp-content\/uploads\/2017\/12\/kinera_mutitarjetas_indice_3805_1-1.jpg\",\"width\":591,\"height\":591},{\"@type\":\"WebPage\",\"@id\":\"http:\/\/azor.com.co\/index.php\/producto\/httpazor-com-mxindex-phpproductohttpazor-com-mxindex-phpproductohttpazor-com-mxindex-phpproductohttpazor-com-mxindex-phpcategoria-productolinea-kineramultitarjetetasconindice\/#webpage\",\"url\":\"http:\/\/azor.com.co\/index.php\/producto\/httpazor-com-mxindex-phpproductohttpazor-com-mxindex-phpproductohttpazor-com-mxindex-phpproductohttpazor-com-mxindex-phpcategoria-productolinea-kineramultitarjetetasconindice\/\",\"name\":\"Kinera Multitarjetas con Indice - Grupo Azor M\\u00e9xico\",\"isPartOf\":{\"@id\":\"http:\/\/azor.com.co\/#website\"},\"primaryImageOfPage\":{\"@id\":\"http:\/\/azor.com.co\/index.php\/producto\/httpazor-com-mxindex-phpproductohttpazor-com-mxindex-phpproductohttpazor-com-mxindex-phpproductohttpazor-com-mxindex-phpcategoria-productolinea-kineramultitarjetetasconindice\/#primaryimage\"},\"datePublished\":\"2017-12-06T20:37:09+00:00\",\"dateModified\":\"2020-05-09T20:23:10+00:00\",\"description\":\"Protectores para tarjetas de presentaci\\u00f3n Kinera de Azor, reciclables, tama\\u00f1o carta, con capacidad para 10 tarjetas de presentaci\\u00f3n por cara, para carpetas\",\"inLanguage\":\"es\",\"potentialAction\":[{\"@type\":\"ReadAction\",\"target\":[\"http:\/\/azor.com.co\/index.php\/producto\/httpazor-com-mxindex-phpproductohttpazor-com-mxindex-phpproductohttpazor-com-mxindex-phpproductohttpazor-com-mxindex-phpcategoria-productolinea-kineramultitarjetetasconindice\/\"]}]}]}<\/script>\n<!-- \/ Yoast SEO plugin. -->","jetpack_sharing_enabled":true,"_links":{"self":[{"href":"http:\/\/azor.com.co\/index.php\/wp-json\/wp\/v2\/product\/1329","targetHints":{"allow":["GET"]}}],"collection":[{"href":"http:\/\/azor.com.co\/index.php\/wp-json\/wp\/v2\/product"}],"about":[{"href":"http:\/\/azor.com.co\/index.php\/wp-json\/wp\/v2\/types\/product"}],"wp:featuredmedia":[{"embeddable":true,"href":"http:\/\/azor.com.co\/index.php\/wp-json\/wp\/v2\/media\/2808"}],"wp:attachment":[{"href":"http:\/\/azor.com.co\/index.php\/wp-json\/wp\/v2\/media?parent=1329"}],"curies":[{"name":"wp","href":"https:\/\/api.w.org\/{rel}","templated":true}]}}