{"id":1121,"date":"2017-12-03T10:11:34","date_gmt":"2017-12-03T16:11:34","guid":{"rendered":"http:\/\/azor.com.co\/?post_type=product&#038;p=1121"},"modified":"2020-05-08T14:42:58","modified_gmt":"2020-05-08T20:42:58","slug":"corty-grande-punta-flecha-5000","status":"publish","type":"product","link":"http:\/\/azor.com.co\/index.php\/producto\/corty-grande-punta-flecha-5000\/","title":{"rendered":"Corty Grande Punta de Flecha 5000"},"content":{"rendered":"<ul>\n<li class=\"p1\">Bisturi fabricado con doble inyecci\u00f3n, poliestireno (material reciclable) y suave grip para mejor sujeci\u00f3n.<\/li>\n<li class=\"p1\">Dise\u00f1o ergon\u00f3mico y punta de flecha que funciona como soporte y gu\u00eda al cortar.<\/li>\n<li class=\"p1\">Cortador de navaja en la parte posterior.<\/li>\n<li class=\"p1\">Mecanismo de seguridad que se acciona poniendo el seguro hacia atr\u00e1s.<\/li>\n<li class=\"p1\">Cuchilla de acero que evita que pierda el filo y pre-cortada para poder<span class=\"Apple-converted-space\">\u00a0<\/span>desprender<span class=\"Apple-converted-space\">\u00a0<\/span>f\u00e1cilmente<span class=\"Apple-converted-space\">\u00a0<\/span>la secci\u00f3n deseada.<\/li>\n<li class=\"p1\">Ideal para cortar papel, pl\u00e1stico y cartoncillo.<\/li>\n<\/ul>\n","protected":false},"excerpt":{"rendered":"<p style=\"text-align: center;\"><img loading=\"lazy\" decoding=\"async\" class=\"alignnone size-medium wp-image-1560\" src=\"http:\/\/azor.com.co\/wp-content\/uploads\/2017\/12\/corty_logotipo-300x85.png\" alt=\"\" width=\"300\" height=\"85\" srcset=\"http:\/\/azor.com.co\/wp-content\/uploads\/2017\/12\/corty_logotipo-300x85.png 300w, http:\/\/azor.com.co\/wp-content\/uploads\/2017\/12\/corty_logotipo.png 400w\" sizes=\"auto, (max-width: 300px) 100vw, 300px\" \/><\/p>\r\n<img loading=\"lazy\" decoding=\"async\" class=\"aligncenter size-thumbnail wp-image-2797\" src=\"http:\/\/azor.com.co\/wp-content\/uploads\/2017\/12\/reciclable-150x150.jpg\" alt=\"\" width=\"150\" height=\"150\" srcset=\"http:\/\/azor.com.co\/wp-content\/uploads\/2017\/12\/reciclable-150x150.jpg 150w, http:\/\/azor.com.co\/wp-content\/uploads\/2017\/12\/reciclable-300x300.jpg 300w, http:\/\/azor.com.co\/wp-content\/uploads\/2017\/12\/reciclable-100x100.jpg 100w, http:\/\/azor.com.co\/wp-content\/uploads\/2017\/12\/reciclable-600x600.jpg 600w, http:\/\/azor.com.co\/wp-content\/uploads\/2017\/12\/reciclable-1024x1024.jpg 1024w, http:\/\/azor.com.co\/wp-content\/uploads\/2017\/12\/reciclable-768x768.jpg 768w, http:\/\/azor.com.co\/wp-content\/uploads\/2017\/12\/reciclable.jpg 1181w\" sizes=\"auto, (max-width: 150px) 100vw, 150px\" \/>","protected":false},"featured_media":1142,"template":"","meta":{"generate_page_header":"","spay_email":"","jetpack_publicize_message":""},"class_list":["post-1121","product","type-product","status-publish","has-post-thumbnail","hentry","product_cat-bisturis","product_cat-linea-corty","","woocommerce-text-align-center","woocommerce-image-align-center","wc-has-gallery"],"jetpack_publicize_connections":[],"yoast_head":"<!-- This site is optimized with the Yoast SEO plugin v14.9 - https:\/\/yoast.com\/wordpress\/plugins\/seo\/ -->\n<title>Corty Grande Punta de Flecha 5000 - Azor<\/title>\n<meta name=\"robots\" content=\"index, follow, max-snippet:-1, max-image-preview:large, max-video-preview:-1\" \/>\n<link rel=\"canonical\" href=\"http:\/\/azor.com.co\/index.php\/producto\/corty-grande-punta-flecha-5000\/\" \/>\n<meta property=\"og:locale\" content=\"es_ES\" \/>\n<meta property=\"og:type\" content=\"article\" \/>\n<meta property=\"og:title\" content=\"Corty Grande Punta de Flecha 5000 - Azor\" \/>\n<meta property=\"og:url\" content=\"http:\/\/azor.com.co\/index.php\/producto\/corty-grande-punta-flecha-5000\/\" \/>\n<meta property=\"og:site_name\" content=\"Azor\" \/>\n<meta property=\"article:modified_time\" content=\"2020-05-08T20:42:58+00:00\" \/>\n<meta property=\"og:image\" content=\"http:\/\/azor.com.co\/wp-content\/uploads\/2017\/12\/corty_grande_punta_flecha_5000_1.jpg\" \/>\n\t<meta property=\"og:image:width\" content=\"1181\" \/>\n\t<meta property=\"og:image:height\" content=\"1181\" \/>\n<meta name=\"twitter:card\" content=\"summary\" \/>\n<script type=\"application\/ld+json\" class=\"yoast-schema-graph\">{\"@context\":\"https:\/\/schema.org\",\"@graph\":[{\"@type\":\"WebSite\",\"@id\":\"http:\/\/azor.com.co\/#website\",\"url\":\"http:\/\/azor.com.co\/\",\"name\":\"Azor\",\"description\":\"\",\"potentialAction\":[{\"@type\":\"SearchAction\",\"target\":\"http:\/\/azor.com.co\/?s={search_term_string}\",\"query-input\":\"required name=search_term_string\"}],\"inLanguage\":\"es\"},{\"@type\":\"ImageObject\",\"@id\":\"http:\/\/azor.com.co\/index.php\/producto\/corty-grande-punta-flecha-5000\/#primaryimage\",\"inLanguage\":\"es\",\"url\":\"http:\/\/azor.com.co\/wp-content\/uploads\/2017\/12\/corty_grande_punta_flecha_5000_1.jpg\",\"width\":1181,\"height\":1181},{\"@type\":\"WebPage\",\"@id\":\"http:\/\/azor.com.co\/index.php\/producto\/corty-grande-punta-flecha-5000\/#webpage\",\"url\":\"http:\/\/azor.com.co\/index.php\/producto\/corty-grande-punta-flecha-5000\/\",\"name\":\"Corty Grande Punta de Flecha 5000 - Azor\",\"isPartOf\":{\"@id\":\"http:\/\/azor.com.co\/#website\"},\"primaryImageOfPage\":{\"@id\":\"http:\/\/azor.com.co\/index.php\/producto\/corty-grande-punta-flecha-5000\/#primaryimage\"},\"datePublished\":\"2017-12-03T16:11:34+00:00\",\"dateModified\":\"2020-05-08T20:42:58+00:00\",\"inLanguage\":\"es\",\"potentialAction\":[{\"@type\":\"ReadAction\",\"target\":[\"http:\/\/azor.com.co\/index.php\/producto\/corty-grande-punta-flecha-5000\/\"]}]}]}<\/script>\n<!-- \/ Yoast SEO plugin. -->","jetpack_sharing_enabled":true,"_links":{"self":[{"href":"http:\/\/azor.com.co\/index.php\/wp-json\/wp\/v2\/product\/1121","targetHints":{"allow":["GET"]}}],"collection":[{"href":"http:\/\/azor.com.co\/index.php\/wp-json\/wp\/v2\/product"}],"about":[{"href":"http:\/\/azor.com.co\/index.php\/wp-json\/wp\/v2\/types\/product"}],"wp:featuredmedia":[{"embeddable":true,"href":"http:\/\/azor.com.co\/index.php\/wp-json\/wp\/v2\/media\/1142"}],"wp:attachment":[{"href":"http:\/\/azor.com.co\/index.php\/wp-json\/wp\/v2\/media?parent=1121"}],"curies":[{"name":"wp","href":"https:\/\/api.w.org\/{rel}","templated":true}]}}