{"id":72,"date":"2017-11-05T18:48:57","date_gmt":"2017-11-05T18:48:57","guid":{"rendered":"http:\/\/azor.com.co\/?page_id=72"},"modified":"2017-11-19T18:06:13","modified_gmt":"2017-11-20T00:06:13","slug":"mapa-del-sitio","status":"publish","type":"page","link":"http:\/\/azor.com.co\/index.php\/mapa-del-sitio\/","title":{"rendered":"Mapa del sitio"},"content":{"rendered":"<div class=\"wsp-container\"><h2 class=\"wsp-pages-title\">P\u00e1ginas<\/h2>\n<ul class=\"wsp-pages-list\">\n<li class=\"page_item page-item-2\"><a href=\"http:\/\/azor.com.co\/index.php\/donde-comprar\/\">\u00bfD\u00f3nde comprar?<\/a><\/li>\n<li class=\"page_item page-item-63\"><a href=\"http:\/\/azor.com.co\/index.php\/aviso-de-privacidad\/\">Aviso de privacidad<\/a><\/li>\n<li class=\"page_item page-item-2946\"><a href=\"http:\/\/azor.com.co\/index.php\/comprar-en-linea\/\">Comprar en L\u00ednea<\/a><\/li>\n<li class=\"page_item page-item-2935\"><a href=\"http:\/\/azor.com.co\/index.php\/comprar-en-linea-colombia\/\">Comprar en L\u00ednea Colombia<\/a><\/li>\n<li class=\"page_item page-item-67\"><a href=\"http:\/\/azor.com.co\/index.php\/condiciones-del-uso-de-la-web\/\">Condiciones del uso de la web<\/a><\/li>\n<li class=\"page_item page-item-392\"><a href=\"http:\/\/azor.com.co\/index.php\/contacto\/\">Contacto<\/a><\/li>\n<li class=\"page_item page-item-834 current_page_parent\"><a href=\"http:\/\/azor.com.co\/\">Grupo Azor<\/a><\/li>\n<li class=\"page_item page-item-72\"><a href=\"http:\/\/azor.com.co\/index.php\/mapa-del-sitio\/\">Mapa del sitio<\/a><\/li>\n<li class=\"page_item page-item-41\"><a href=\"http:\/\/azor.com.co\/index.php\/noticias-grupo-azor-mexico\/\">Noticias<\/a><\/li>\n<li class=\"page_item page-item-2100\"><a href=\"http:\/\/azor.com.co\/index.php\/portada-catalogo\/\">Portada Cat\u00e1logo<\/a><\/li>\n<li class=\"page_item page-item-16\"><a href=\"http:\/\/azor.com.co\/index.php\/productos\/\">Productos<\/a><\/li>\n<li class=\"page_item page-item-400\"><a href=\"http:\/\/azor.com.co\/index.php\/visitas-escolares\/\">Visitas escolares<\/a><\/li>\n<\/ul>\n<h2 class=\"wsp-posts-title\">Posts por categor\u00eda<\/h2>\n<ul class=\"wsp-posts-list\">\n\t<li><strong class=\"wsp-category-title\">Categor\u00eda: <a href=\"http:\/\/azor.com.co\/index.php\/category\/sin-categoria\/\">Sin categor\u00eda<\/a><\/strong>\n<ul class=\"wsp-posts-list\">\t\t<li class=\"wsp-post\"><a href=\"http:\/\/azor.com.co\/index.php\/2020\/07\/16\/gptw-otorga-doble-reconocimiento-a-grupo-azor\/\">GPTW otorga doble reconocimiento a Grupo Azor<\/a><\/li>\n\t\t<li class=\"wsp-post\"><a href=\"http:\/\/azor.com.co\/index.php\/2017\/12\/06\/grupo-azor-superbrand-5to-ano-consecutivo\/\">GRUPO AZOR : SUPERBRAND POR 5TO A\u00d1O CONSECUTIVO<\/a><\/li>\n\t\t<li class=\"wsp-post\"><a href=\"http:\/\/azor.com.co\/index.php\/2017\/11\/04\/cumplimos-60-anos\/\">CUMPLIMOS 60 A\u00d1OS<\/a><\/li>\n<\/ul><\/li>\n<\/ul>\n<h2 class=\"wsp-elementor_librarys-title\">Mis plantillas<\/h2>\n<ul class=\"wsp-elementor_librarys-list\">\n<li><a href=\"http:\/\/azor.com.co\/?elementor_library=kit-por-defecto\">Kit por defecto<\/a><\/li>\n<\/ul>\n<h2 class=\"wsp-products-title\">Products<\/h2>\n<ul class=\"wsp-products-list\">\n<li><a href=\"http:\/\/azor.com.co\/index.php\/producto\/pin-point-green\/\">Pin Point Green<\/a><\/li>\n<li><a href=\"http:\/\/azor.com.co\/index.php\/producto\/big-point\/\">Big Point<\/a><\/li>\n<li><a href=\"http:\/\/azor.com.co\/index.php\/producto\/vision-mini-pastel\/\">Visi\u00f3n Mini Pastel<\/a><\/li>\n<li><a href=\"http:\/\/azor.com.co\/index.php\/producto\/vision-junior-pastel\/\">Visi\u00f3n Junior Pastel<\/a><\/li>\n<li><a href=\"http:\/\/azor.com.co\/index.php\/producto\/tabla-i-clip\/\">Tabla I-Clip<\/a><\/li>\n<li><a href=\"http:\/\/azor.com.co\/index.php\/producto\/wacky-step\/\">Wacky Step<\/a><\/li>\n<li><a href=\"http:\/\/azor.com.co\/index.php\/producto\/wacky-folio\/\">Wacky Folio<\/a><\/li>\n<li><a href=\"http:\/\/azor.com.co\/index.php\/producto\/wacky-folio-con-i-clip\/\">Wacky Folio con I-Clip<\/a><\/li>\n<li><a href=\"http:\/\/azor.com.co\/index.php\/producto\/cuenta-facil-2\/\">Cuenta F\u00e1cil 2<\/a><\/li>\n<li><a href=\"http:\/\/azor.com.co\/index.php\/producto\/signal-fino\/\">Signal Fino<\/a><\/li>\n<li><a href=\"http:\/\/azor.com.co\/index.php\/producto\/subrayador\/\">Subrayador<\/a><\/li>\n<li><a href=\"http:\/\/azor.com.co\/index.php\/producto\/pin-point-ultrafino\/\">Pin Point Ultrafino<\/a><\/li>\n<li><a href=\"http:\/\/azor.com.co\/index.php\/producto\/pin-point-greks\/\">Pin Point Greks<\/a><\/li>\n<li><a href=\"http:\/\/azor.com.co\/index.php\/producto\/pin-point-neon\/\">Pin Point Ne\u00f3n<\/a><\/li>\n<li><a href=\"http:\/\/azor.com.co\/index.php\/producto\/vision-plus-pastel\/\">Visi\u00f3n Plus Pastel<\/a><\/li>\n<li><a href=\"http:\/\/azor.com.co\/index.php\/producto\/organifolder\/\">Organifolder<\/a><\/li>\n<li><a href=\"http:\/\/azor.com.co\/index.php\/producto\/memo-caja\/\">Memo Caja<\/a><\/li>\n<li><a href=\"http:\/\/azor.com.co\/index.php\/producto\/placa-elite\/\">Placa Elite<\/a><\/li>\n<li><a href=\"http:\/\/azor.com.co\/index.php\/producto\/vision-duo\/\">Visi\u00f3n D\u00fao<\/a><\/li>\n<li><a href=\"http:\/\/azor.com.co\/index.php\/producto\/vista-vision\/\">Vista Visi\u00f3n<\/a><\/li>\n<li><a href=\"http:\/\/azor.com.co\/index.php\/producto\/impacto\/\">Impacto<\/a><\/li>\n<li><a href=\"http:\/\/azor.com.co\/index.php\/producto\/signal-enviromark\/\">Signal Enviromark<\/a><\/li>\n<li><a href=\"http:\/\/azor.com.co\/index.php\/producto\/signal-pro\/\">Signal Pro<\/a><\/li>\n<li><a href=\"http:\/\/azor.com.co\/index.php\/producto\/wacky-3d-oval\/\">Wacky 3D Oval<\/a><\/li>\n<li><a href=\"http:\/\/azor.com.co\/index.php\/producto\/wacky-air\/\">Wacky Air<\/a><\/li>\n<li><a href=\"http:\/\/azor.com.co\/index.php\/producto\/wacky-double-box\/\">Wacky Double Box<\/a><\/li>\n<li><a href=\"http:\/\/azor.com.co\/index.php\/producto\/wacky-box-junior\/\">Wacky Box Junior<\/a><\/li>\n<li><a href=\"http:\/\/azor.com.co\/index.php\/producto\/wacky-box\/\">Wacky Box<\/a><\/li>\n<li><a href=\"http:\/\/azor.com.co\/index.php\/producto\/wacky-lunch\/\">Wacky Lunch<\/a><\/li>\n<li><a href=\"http:\/\/azor.com.co\/index.php\/producto\/juego-de-geometria\/\">Juego de Geometr\u00eda<\/a><\/li>\n<li><a href=\"http:\/\/azor.com.co\/index.php\/producto\/porta-gafete-6x9-cm\/\">Porta Gafete 6x9 cm<\/a><\/li>\n<li><a href=\"http:\/\/azor.com.co\/index.php\/producto\/senal-aluminio-adherible-16-5x4-4-cm\/\">Se\u00f1al de Aluminio Adherible 16.5x4.4 cm<\/a><\/li>\n<li><a href=\"http:\/\/azor.com.co\/index.php\/producto\/senal-removible-13x15-cm\/\">Se\u00f1al Autoadherible 13x15 cm<\/a><\/li>\n<li><a href=\"http:\/\/azor.com.co\/index.php\/producto\/placa-elite-mini-16x16-cm\/\">Placa Elite Mini 16x16 cm<\/a><\/li>\n<li><a href=\"http:\/\/azor.com.co\/index.php\/producto\/avisos-colgables-40x43-cm\/\">Avisos Colgables 40x34 cm<\/a><\/li>\n<li><a href=\"http:\/\/azor.com.co\/index.php\/producto\/placa-rigida-22-8x15-2-cm\/\">Placa R\u00edgida 22.8x15.2 cm<\/a><\/li>\n<li><a href=\"http:\/\/azor.com.co\/index.php\/producto\/placa-rigida-23x7-5-cm\/\">Placa R\u00edgida 23x7.5 cm<\/a><\/li>\n<li><a href=\"http:\/\/azor.com.co\/index.php\/producto\/placa-rigida-35x24-cm\/\">Placa R\u00edgida 35X24 CM<\/a><\/li>\n<li><a href=\"http:\/\/azor.com.co\/index.php\/producto\/revistero-sencillo\/\">Revistero Sencillo<\/a><\/li>\n<li><a href=\"http:\/\/azor.com.co\/index.php\/producto\/charola-sablon-lateral\/\">Bandeja Sabl\u00f3n Lateral<\/a><\/li>\n<li><a href=\"http:\/\/azor.com.co\/index.php\/producto\/charola-eurolinea\/\">Bandeja Eurol\u00ednea<\/a><\/li>\n<li><a href=\"http:\/\/azor.com.co\/index.php\/producto\/kit-de-escritorio\/\">Kit de Escritorio<\/a><\/li>\n<li><a href=\"http:\/\/azor.com.co\/index.php\/producto\/organifile\/\">Organifile<\/a><\/li>\n<li><a href=\"http:\/\/azor.com.co\/index.php\/producto\/revistero-sablon-plus\/\">Revistero Sabl\u00f3n Plus<\/a><\/li>\n<li><a href=\"http:\/\/azor.com.co\/index.php\/producto\/revistero-sablon-2\/\">Revistero Sabl\u00f3n<\/a><\/li>\n<li><a href=\"http:\/\/azor.com.co\/index.php\/producto\/revistero-ibex-imc\/\">Revistero IBEX IMC<\/a><\/li>\n<li><a href=\"http:\/\/azor.com.co\/index.php\/producto\/cesto-colgable\/\">Cesto Colgable<\/a><\/li>\n<li><a href=\"http:\/\/azor.com.co\/index.php\/producto\/cesto-jumbo\/\">Cesto Jumbo<\/a><\/li>\n<li><a href=\"http:\/\/azor.com.co\/index.php\/producto\/cesto-rectangular\/\">Cesto Rectangular<\/a><\/li>\n<li><a href=\"http:\/\/azor.com.co\/index.php\/producto\/porta-lapiz\/\">Porta L\u00e1piz<\/a><\/li>\n<li><a href=\"http:\/\/azor.com.co\/index.php\/producto\/tabla-broche-plastico\/\">Tabla con Broche de Pl\u00e1stico<\/a><\/li>\n<li><a href=\"http:\/\/azor.com.co\/index.php\/producto\/tabla-clip-metalico\/\">Tabla con Clip Met\u00e1lico<\/a><\/li>\n<li><a href=\"http:\/\/azor.com.co\/index.php\/producto\/protector-kinera-protecto-index\/\">Protector Kinera Protecto Index<\/a><\/li>\n<li><a href=\"http:\/\/azor.com.co\/index.php\/producto\/protector-guarda-uso-rudo\/\">Protector Guarda Uso Rudo<\/a><\/li>\n<li><a href=\"http:\/\/azor.com.co\/index.php\/producto\/protector-protecto-guarda\/\">Protector Guarda<\/a><\/li>\n<li><a href=\"http:\/\/azor.com.co\/index.php\/producto\/httpazor-com-mxindex-phpproductohttpazor-com-mxindex-phpproductohttpazor-com-mxindex-phpproductohttpazor-com-mxindex-phpcategoria-productolinea-kineramultitarjetetasconindice\/\">Multitarjetas con \u00cdndice<\/a><\/li>\n<li><a href=\"http:\/\/azor.com.co\/index.php\/producto\/httpazor-com-mxindex-phpproductohttpazor-com-mxindex-phpproductohttpazor-com-mxindex-phpcategoria-productolinea-kineramultitarjetero\/\">Multitarjetero<\/a><\/li>\n<li><a href=\"http:\/\/azor.com.co\/index.php\/producto\/kinera-tarjetas-pre-cortadas-easy-print-azor\/\">Tarjetas Pre-cortadas Easy Print<\/a><\/li>\n<li><a href=\"http:\/\/azor.com.co\/index.php\/producto\/registrador-clasico\/\">Legajador AZ<\/a><\/li>\n<li><a href=\"http:\/\/azor.com.co\/index.php\/producto\/corty-navaja-grande\/\">Corty Bisturi Grande<\/a><\/li>\n<li><a href=\"http:\/\/azor.com.co\/index.php\/producto\/corty-navaja-chica\/\">Corty Bisturi chico<\/a><\/li>\n<li><a href=\"http:\/\/azor.com.co\/index.php\/producto\/corty-fashion-5125\/\">Corty Fashion 5125<\/a><\/li>\n<li><a href=\"http:\/\/azor.com.co\/index.php\/producto\/corty-grande-punta-flecha-5000\/\">Corty Grande Punta de Flecha 5000<\/a><\/li>\n<li><a href=\"http:\/\/azor.com.co\/index.php\/producto\/corty-chico-3000\/\">Corty Chico 3000<\/a><\/li>\n<li><a href=\"http:\/\/azor.com.co\/index.php\/producto\/corty-grande-5500\/\">Corty Grande 5500<\/a><\/li>\n<li><a href=\"http:\/\/azor.com.co\/index.php\/producto\/corty-chico-alma-metal-3500\/\">Corty Chico Alma de Metal 3500<\/a><\/li>\n<li><a href=\"http:\/\/azor.com.co\/index.php\/producto\/colores-pastel-terra-2\/\">Colores Pastel al Aceite<\/a><\/li>\n<li><a href=\"http:\/\/azor.com.co\/index.php\/producto\/colores-pastel-terra\/\">Colores Pastel Terra<\/a><\/li>\n<li><a href=\"http:\/\/azor.com.co\/index.php\/producto\/colores-pastel-seco-2\/\">Colores Pastel Seco (Afilados)<\/a><\/li>\n<li><a href=\"http:\/\/azor.com.co\/index.php\/producto\/colores-pastel-seco\/\">Colores Pastel Seco<\/a><\/li>\n<li><a href=\"http:\/\/azor.com.co\/index.php\/producto\/pin-point-cuerpo-transparente\/\">Pin Point Cuerpo Transparente<\/a><\/li>\n<li><a href=\"http:\/\/azor.com.co\/index.php\/producto\/pin-point-cuerpo-amarillo\/\">Pin Point Cuerpo Amarillo<\/a><\/li>\n<li><a href=\"http:\/\/azor.com.co\/index.php\/producto\/pin-point-cuerpo-colores\/\">Pin Point Cuerpo Colores<\/a><\/li>\n<li><a href=\"http:\/\/azor.com.co\/index.php\/producto\/monopol-ultrafino\/\">Monopol Ultrafino<\/a><\/li>\n<li><a href=\"http:\/\/azor.com.co\/index.php\/producto\/monopol-fino\/\">Monopol Fino<\/a><\/li>\n<li><a href=\"http:\/\/azor.com.co\/index.php\/producto\/linea\/\">L\u00ednea<\/a><\/li>\n<li><a href=\"http:\/\/azor.com.co\/index.php\/producto\/ekuz-carmin\/\">Ekuz Carm\u00edn<\/a><\/li>\n<li><a href=\"http:\/\/azor.com.co\/index.php\/producto\/ekuz-hexagonal\/\">Ekuz Hexagonal<\/a><\/li>\n<li><a href=\"http:\/\/azor.com.co\/index.php\/producto\/puntillas-07-mm\/\">Minas 0,7 mm<\/a><\/li>\n<li><a href=\"http:\/\/azor.com.co\/index.php\/producto\/puntillas-05-mm\/\">Minas 0,5 mm<\/a><\/li>\n<li><a href=\"http:\/\/azor.com.co\/index.php\/producto\/skip\/\">Skip<\/a><\/li>\n<li><a href=\"http:\/\/azor.com.co\/index.php\/producto\/dactilar\/\">Dactilar<\/a><\/li>\n<li><a href=\"http:\/\/azor.com.co\/index.php\/producto\/cuentafacil\/\">Cuenta F\u00e1cil<\/a><\/li>\n<li><a href=\"http:\/\/azor.com.co\/index.php\/producto\/cojin-plastico\/\">Coj\u00edn Pl\u00e1stico<\/a><\/li>\n<li><a href=\"http:\/\/azor.com.co\/index.php\/producto\/rolaplica\/\">Rolaplica<\/a><\/li>\n<li><a href=\"http:\/\/azor.com.co\/index.php\/producto\/sacapuntas-azor\/\">Sacapuntas Azor<\/a><\/li>\n<li><a href=\"http:\/\/azor.com.co\/index.php\/producto\/metalink\/\">Metalink<\/a><\/li>\n<li><a href=\"http:\/\/azor.com.co\/index.php\/producto\/vision\/\">Visi\u00f3n<\/a><\/li>\n<li><a href=\"http:\/\/azor.com.co\/index.php\/producto\/vision-mini\/\">Visi\u00f3n Mini<\/a><\/li>\n<li><a href=\"http:\/\/azor.com.co\/index.php\/producto\/vision-junior\/\">Visi\u00f3n Junior<\/a><\/li>\n<li><a href=\"http:\/\/azor.com.co\/index.php\/producto\/aquarelo-glass-xl\/\">Aquarelo Glass XL<\/a><\/li>\n<li><a href=\"http:\/\/azor.com.co\/index.php\/producto\/aquarelo-glass-junior\/\">Aquarelo Glass Junior<\/a><\/li>\n<li><a href=\"http:\/\/azor.com.co\/index.php\/producto\/aquarelo-junior\/\">Aquarelo Junior<\/a><\/li>\n<li><a href=\"http:\/\/azor.com.co\/index.php\/producto\/aquarelo-duo\/\">Aquarelo D\u00fao<\/a><\/li>\n<li><a href=\"http:\/\/azor.com.co\/index.php\/producto\/aquarelo-grip\/\">Aquarelo Grip<\/a><\/li>\n<li><a href=\"http:\/\/azor.com.co\/index.php\/producto\/markaropa\/\">Markaropa<\/a><\/li>\n<li><a href=\"http:\/\/azor.com.co\/index.php\/producto\/check-it\/\">Check-it<\/a><\/li>\n<li><a href=\"http:\/\/azor.com.co\/index.php\/producto\/signal-jumbo\/\">Signal Jumbo<\/a><\/li>\n<li><a href=\"http:\/\/azor.com.co\/index.php\/producto\/signal-fashion\/\">Signal Fashion<\/a><\/li>\n<li><a href=\"http:\/\/azor.com.co\/index.php\/producto\/signal-duo\/\">Signal D\u00fao<\/a><\/li>\n<li><a href=\"http:\/\/azor.com.co\/index.php\/producto\/signal-ultrafino\/\">Signal Ultrafino<\/a><\/li>\n<li><a href=\"http:\/\/azor.com.co\/index.php\/producto\/limpia-pizarron-magistral\/\">Limpia Pizarr\u00f3n Magistral<\/a><\/li>\n<li><a href=\"http:\/\/azor.com.co\/index.php\/producto\/borrador-magistral\/\">Borrador Magistral<\/a><\/li>\n<li><a href=\"http:\/\/azor.com.co\/index.php\/producto\/magistral-grip-punta-de-cincel\/\">Magistral Grip (punta de cincel)<\/a><\/li>\n<li><a href=\"http:\/\/azor.com.co\/index.php\/producto\/magistral-grip-punta-de-bala\/\">Magistral Grip (punta de bala)<\/a><\/li>\n<li><a href=\"http:\/\/azor.com.co\/index.php\/producto\/magistral-digital\/\">Magistral Digital<\/a><\/li>\n<li><a href=\"http:\/\/azor.com.co\/index.php\/producto\/magistral-didactico\/\">Magistral Did\u00e1ctico<\/a><\/li>\n<li><a href=\"http:\/\/azor.com.co\/index.php\/producto\/magistral-didactico-punto-fino\/\">Magistral Did\u00e1ctico punto fino<\/a><\/li>\n<li><a href=\"http:\/\/azor.com.co\/index.php\/producto\/magistral-clasico\/\">Magistral Cl\u00e1sico<\/a><\/li>\n<\/ul>\n<h2 class=\"wsp-product_cats-title\">Product categories<\/h2>\n<ul class=\"wsp-product_cats-list\">\n<li><a href=\"http:\/\/azor.com.co\/index.php\/categoria-producto\/linea-sablon\/oficina\/\">Art\u00edculos de Oficina<\/a><\/li>\n<li><a href=\"http:\/\/azor.com.co\/index.php\/categoria-producto\/linea-sablon\/escolares\/\">Art\u00edculos Escolares<\/a><\/li>\n<li><a href=\"http:\/\/azor.com.co\/index.php\/categoria-producto\/linea-sablon\/bandejas\/\">Bandejas<\/a><\/li>\n<li><a href=\"http:\/\/azor.com.co\/index.php\/categoria-producto\/linea-corty\/bisturis\/\">Bisturis<\/a><\/li>\n<li><a href=\"http:\/\/azor.com.co\/index.php\/categoria-producto\/linea-azor\/boligrafos-grupo-azor-mexico\/\">Bol\u00edgrafos<\/a><\/li>\n<li><a href=\"http:\/\/azor.com.co\/index.php\/categoria-producto\/linea-sablon\/cestos-de-basura\/\">Cestos de basura<\/a><\/li>\n<li><a href=\"http:\/\/azor.com.co\/index.php\/categoria-producto\/linea-azor\/escritura\/\">Escritura<\/a><\/li>\n<li><a href=\"http:\/\/azor.com.co\/index.php\/categoria-producto\/linea-azor\/azor-lapices\/\">L\u00e1pices<\/a><\/li>\n<li><a href=\"http:\/\/azor.com.co\/index.php\/categoria-producto\/linea-lefort\/legajador-az\/\">Legajador AZ<\/a><\/li>\n<li><a href=\"http:\/\/azor.com.co\/index.php\/categoria-producto\/linea-azor\/\">L\u00ednea Azor<\/a><\/li>\n<li><a href=\"http:\/\/azor.com.co\/index.php\/categoria-producto\/linea-corty\/\">L\u00ednea Corty<\/a><\/li>\n<li><a href=\"http:\/\/azor.com.co\/index.php\/categoria-producto\/linea-kinera\/\">L\u00ednea Kinera<\/a><\/li>\n<li><a href=\"http:\/\/azor.com.co\/index.php\/categoria-producto\/linea-lefort\/\">L\u00ednea Lefort<\/a><\/li>\n<li><a href=\"http:\/\/azor.com.co\/index.php\/categoria-producto\/linea-sablon\/\">L\u00ednea Sabl\u00f3n<\/a><\/li>\n<li><a href=\"http:\/\/azor.com.co\/index.php\/categoria-producto\/linea-stafford\/\">L\u00ednea Stafford<\/a><\/li>\n<li><a href=\"http:\/\/azor.com.co\/index.php\/categoria-producto\/linea-azor\/marcadores-base-agua\/\">Marcadores base agua<\/a><\/li>\n<li><a href=\"http:\/\/azor.com.co\/index.php\/categoria-producto\/linea-azor\/marcadores-para-pizarron-blanco\/\">Marcadores para pizarr\u00f3n blanco<\/a><\/li>\n<li><a href=\"http:\/\/azor.com.co\/index.php\/categoria-producto\/linea-azor\/marcadores-permanentes\/\">Marcadores permanentes<\/a><\/li>\n<li><a href=\"http:\/\/azor.com.co\/index.php\/categoria-producto\/linea-sablon\/organizadores\/\">Organizadores<\/a><\/li>\n<li><a href=\"http:\/\/azor.com.co\/index.php\/categoria-producto\/linea-stafford\/pasteles\/\">Pasteles<\/a><\/li>\n<li><a href=\"http:\/\/azor.com.co\/index.php\/categoria-producto\/linea-sablon\/porta-gafetes\/\">Porta gafetes<\/a><\/li>\n<li><a href=\"http:\/\/azor.com.co\/index.php\/categoria-producto\/linea-kinera\/protectores-de-hojas\/\">Protectores de hojas<\/a><\/li>\n<li><a href=\"http:\/\/azor.com.co\/index.php\/categoria-producto\/linea-azor\/resaltadores-de-texto-azor\/\">Resaltadores de texto<\/a><\/li>\n<li><a href=\"http:\/\/azor.com.co\/index.php\/categoria-producto\/linea-sablon\/revisteros\/\">Revisteros<\/a><\/li>\n<li><a href=\"http:\/\/azor.com.co\/index.php\/categoria-producto\/linea-sablon\/senalizacion\/\">Se\u00f1alizaci\u00f3n<\/a><\/li>\n<li><a href=\"http:\/\/azor.com.co\/index.php\/categoria-producto\/linea-sablon\/tablas-de-apoyo-linea-sablon\/\">Tablas de apoyo<\/a><\/li>\n<li><a href=\"http:\/\/azor.com.co\/index.php\/categoria-producto\/linea-azor\/varios\/\">Varios<\/a><\/li>\n<\/ul>\n<\/div>\n","protected":false},"excerpt":{"rendered":"P\u00e1ginas \u00bfD\u00f3nde comprar? Aviso de privacidad Comprar en L\u00ednea Comprar en L\u00ednea Colombia Condiciones del uso de la web Contacto Grupo Azor Mapa del sitio Noticias Portada Cat\u00e1logo Productos Visitas escolares Posts por categor\u00eda Categor\u00eda: Sin categor\u00eda GPTW otorga doble reconocimiento a Grupo Azor GRUPO AZOR : SUPERBRAND POR 5TO A\u00d1O CONSECUTIVO CUMPLIMOS 60 A\u00d1OS ... <a title=\"Mapa del sitio\" class=\"read-more\" href=\"http:\/\/azor.com.co\/index.php\/mapa-del-sitio\/\">Leer m\u00e1s<\/a>","protected":false},"author":10,"featured_media":0,"parent":0,"menu_order":0,"comment_status":"closed","ping_status":"closed","template":"","meta":{"generate_page_header":"","spay_email":"","footnotes":""},"class_list":["post-72","page","type-page","status-publish"],"yoast_head":"<!-- This site is optimized with the Yoast SEO plugin v14.9 - https:\/\/yoast.com\/wordpress\/plugins\/seo\/ -->\n<title>Mapa del sitio - Azor<\/title>\n<meta name=\"robots\" content=\"index, follow, max-snippet:-1, max-image-preview:large, max-video-preview:-1\" \/>\n<link rel=\"canonical\" href=\"http:\/\/azor.com.co\/index.php\/mapa-del-sitio\/\" \/>\n<meta property=\"og:locale\" content=\"es_ES\" \/>\n<meta property=\"og:type\" content=\"article\" \/>\n<meta property=\"og:title\" content=\"Mapa del sitio - Azor\" \/>\n<meta property=\"og:url\" content=\"http:\/\/azor.com.co\/index.php\/mapa-del-sitio\/\" \/>\n<meta property=\"og:site_name\" content=\"Azor\" \/>\n<meta property=\"article:modified_time\" content=\"2017-11-20T00:06:13+00:00\" \/>\n<meta name=\"twitter:card\" content=\"summary\" \/>\n<script type=\"application\/ld+json\" class=\"yoast-schema-graph\">{\"@context\":\"https:\/\/schema.org\",\"@graph\":[{\"@type\":\"WebSite\",\"@id\":\"http:\/\/azor.com.co\/#website\",\"url\":\"http:\/\/azor.com.co\/\",\"name\":\"Azor\",\"description\":\"\",\"potentialAction\":[{\"@type\":\"SearchAction\",\"target\":\"http:\/\/azor.com.co\/?s={search_term_string}\",\"query-input\":\"required name=search_term_string\"}],\"inLanguage\":\"es\"},{\"@type\":\"WebPage\",\"@id\":\"http:\/\/azor.com.co\/index.php\/mapa-del-sitio\/#webpage\",\"url\":\"http:\/\/azor.com.co\/index.php\/mapa-del-sitio\/\",\"name\":\"Mapa del sitio - Azor\",\"isPartOf\":{\"@id\":\"http:\/\/azor.com.co\/#website\"},\"datePublished\":\"2017-11-05T18:48:57+00:00\",\"dateModified\":\"2017-11-20T00:06:13+00:00\",\"inLanguage\":\"es\",\"potentialAction\":[{\"@type\":\"ReadAction\",\"target\":[\"http:\/\/azor.com.co\/index.php\/mapa-del-sitio\/\"]}]}]}<\/script>\n<!-- \/ Yoast SEO plugin. -->","jetpack_sharing_enabled":true,"jetpack_shortlink":"https:\/\/wp.me\/P9x4YW-1a","_links":{"self":[{"href":"http:\/\/azor.com.co\/index.php\/wp-json\/wp\/v2\/pages\/72","targetHints":{"allow":["GET"]}}],"collection":[{"href":"http:\/\/azor.com.co\/index.php\/wp-json\/wp\/v2\/pages"}],"about":[{"href":"http:\/\/azor.com.co\/index.php\/wp-json\/wp\/v2\/types\/page"}],"author":[{"embeddable":true,"href":"http:\/\/azor.com.co\/index.php\/wp-json\/wp\/v2\/users\/10"}],"replies":[{"embeddable":true,"href":"http:\/\/azor.com.co\/index.php\/wp-json\/wp\/v2\/comments?post=72"}],"version-history":[{"count":7,"href":"http:\/\/azor.com.co\/index.php\/wp-json\/wp\/v2\/pages\/72\/revisions"}],"predecessor-version":[{"id":417,"href":"http:\/\/azor.com.co\/index.php\/wp-json\/wp\/v2\/pages\/72\/revisions\/417"}],"wp:attachment":[{"href":"http:\/\/azor.com.co\/index.php\/wp-json\/wp\/v2\/media?parent=72"}],"curies":[{"name":"wp","href":"https:\/\/api.w.org\/{rel}","templated":true}]}}