{"id":400,"date":"2017-11-18T21:37:39","date_gmt":"2017-11-19T03:37:39","guid":{"rendered":"http:\/\/azor.com.co\/?page_id=400"},"modified":"2017-11-27T22:51:32","modified_gmt":"2017-11-28T04:51:32","slug":"visitas-escolares","status":"publish","type":"page","link":"http:\/\/azor.com.co\/index.php\/visitas-escolares\/","title":{"rendered":"Visitas escolares"},"content":{"rendered":"<p>[vc_row 0=\u00bb\u00bb][vc_column][vc_column_text 0=\u00bb\u00bb]<div id=\"metaslider-id-955\" style=\"width: 100%; margin: 0 auto;\" class=\"ml-slider-3-17-6 metaslider metaslider-responsive metaslider-955 ml-slider\">\n    <div id=\"metaslider_container_955\">\n        <ul id='metaslider_955' class='rslides'>\n            <li><img loading=\"lazy\" decoding=\"async\" width=\"1200\" height=\"236\" src=\"http:\/\/azor.com.co\/wp-content\/uploads\/2017\/11\/visitas-escolares.jpg\" class=\"slider-955 slide-957\" alt=\"\" rel=\"\" title=\"\" srcset=\"http:\/\/azor.com.co\/wp-content\/uploads\/2017\/11\/visitas-escolares.jpg 1200w, http:\/\/azor.com.co\/wp-content\/uploads\/2017\/11\/visitas-escolares-600x118.jpg 600w, http:\/\/azor.com.co\/wp-content\/uploads\/2017\/11\/visitas-escolares-300x59.jpg 300w, http:\/\/azor.com.co\/wp-content\/uploads\/2017\/11\/visitas-escolares-768x151.jpg 768w, http:\/\/azor.com.co\/wp-content\/uploads\/2017\/11\/visitas-escolares-1024x201.jpg 1024w\" sizes=\"auto, (max-width: 1200px) 100vw, 1200px\" \/><\/li>\n            <li style='display: none;'><img loading=\"lazy\" decoding=\"async\" width=\"1200\" height=\"236\" src=\"http:\/\/azor.com.co\/wp-content\/uploads\/2017\/11\/visitas-escolares2.jpg\" class=\"slider-955 slide-959\" alt=\"\" rel=\"\" title=\"\" srcset=\"http:\/\/azor.com.co\/wp-content\/uploads\/2017\/11\/visitas-escolares2.jpg 1200w, http:\/\/azor.com.co\/wp-content\/uploads\/2017\/11\/visitas-escolares2-600x118.jpg 600w, http:\/\/azor.com.co\/wp-content\/uploads\/2017\/11\/visitas-escolares2-300x59.jpg 300w, http:\/\/azor.com.co\/wp-content\/uploads\/2017\/11\/visitas-escolares2-768x151.jpg 768w, http:\/\/azor.com.co\/wp-content\/uploads\/2017\/11\/visitas-escolares2-1024x201.jpg 1024w\" sizes=\"auto, (max-width: 1200px) 100vw, 1200px\" \/><\/li>\n        <\/ul>\n        \n    <\/div>\n<\/div>\n<p>[\/vc_column_text][\/vc_column][\/vc_row][vc_row][vc_column][vc_empty_space][\/vc_column][\/vc_row][vc_row 0=\u00bb\u00bb][vc_column 0=\u00bb\u00bb][vc_column_text 0=\u00bb\u00bb]<\/p>\n<h2 style=\"text-align: center;\"><span style=\"color: #005db4;\"><strong>VISITAS ESCOLARES<\/strong><\/span><\/h2>\n<p style=\"text-align: center;\">\u00bfSabes todo lo que tiene que suceder para que nuestros productos lleguen a tus manos? \u00a1Ven y divi\u00e9rtete con tus compa\u00f1eros de escuela en el Club de amigos de Azor\u00edn!<\/p>\n<p>[\/vc_column_text][\/vc_column][\/vc_row][vc_row 0=\u00bb\u00bb][vc_column width=\u00bb1\/3&#8243;][\/vc_column][vc_column width=\u00bb1\/3&#8243;]<div role=\"form\" class=\"wpcf7\" id=\"wpcf7-f105-o1\" lang=\"es-ES\" dir=\"ltr\">\n<div class=\"screen-reader-response\" role=\"alert\" aria-live=\"polite\"><\/div>\n<form action=\"\/index.php\/wp-json\/wp\/v2\/pages\/400#wpcf7-f105-o1\" method=\"post\" class=\"wpcf7-form init\" novalidate=\"novalidate\">\n<div style=\"display: none;\">\n<input type=\"hidden\" name=\"_wpcf7\" value=\"105\" \/>\n<input type=\"hidden\" name=\"_wpcf7_version\" value=\"5.2.2\" \/>\n<input type=\"hidden\" name=\"_wpcf7_locale\" value=\"es_ES\" \/>\n<input type=\"hidden\" name=\"_wpcf7_unit_tag\" value=\"wpcf7-f105-o1\" \/>\n<input type=\"hidden\" name=\"_wpcf7_container_post\" value=\"0\" \/>\n<input type=\"hidden\" name=\"_wpcf7_posted_data_hash\" value=\"\" \/>\n<input type=\"hidden\" name=\"_wpcf7_recaptcha_response\" value=\"\" \/>\n<\/div>\n<p><label> Nombre (requerido)<br \/>\n    <span class=\"wpcf7-form-control-wrap your-name\"><input type=\"text\" name=\"your-name\" value=\"\" size=\"40\" class=\"wpcf7-form-control wpcf7-text wpcf7-validates-as-required\" aria-required=\"true\" aria-invalid=\"false\" \/><\/span> <\/label><\/p>\n<p><label> Tu correo electr\u00f3nico (requerido)<br \/>\n    <span class=\"wpcf7-form-control-wrap your-email\"><input type=\"email\" name=\"your-email\" value=\"\" size=\"40\" class=\"wpcf7-form-control wpcf7-text wpcf7-email wpcf7-validates-as-required wpcf7-validates-as-email\" aria-required=\"true\" aria-invalid=\"false\" \/><\/span> <\/label><\/p>\n<p><label> Tel\u00e9fono (requerido)<br \/>\n    <span class=\"wpcf7-form-control-wrap tel-632\"><input type=\"tel\" name=\"tel-632\" value=\"\" size=\"40\" class=\"wpcf7-form-control wpcf7-text wpcf7-tel wpcf7-validates-as-required wpcf7-validates-as-tel\" aria-required=\"true\" aria-invalid=\"false\" \/><\/span><\/label><\/p>\n<p><label> Escuela<br \/>\n    <span class=\"wpcf7-form-control-wrap your-subject\"><input type=\"text\" name=\"your-subject\" value=\"\" size=\"40\" class=\"wpcf7-form-control wpcf7-text\" aria-invalid=\"false\" \/><\/span> <\/label><\/p>\n<p><label> Mensaje<br \/>\n    <span class=\"wpcf7-form-control-wrap your-message\"><textarea name=\"your-message\" cols=\"40\" rows=\"10\" class=\"wpcf7-form-control wpcf7-textarea\" aria-invalid=\"false\"><\/textarea><\/span> <\/label><\/p>\n<div style=\u201dclear: both;\u201d>&nbsp;<\/div>\n<div class=\"wpcf7-form-control-wrap\"><div data-sitekey=\"6Lc_kr4UAAAAABjP4eR74ZsLfNbbukCsBrycAnto\" class=\"wpcf7-form-control g-recaptcha wpcf7-recaptcha\"><\/div>\r\n<noscript>\r\n\t<div class=\"grecaptcha-noscript\">\r\n\t\t<iframe loading=\"lazy\" src=\"https:\/\/www.google.com\/recaptcha\/api\/fallback?k=6Lc_kr4UAAAAABjP4eR74ZsLfNbbukCsBrycAnto\" frameborder=\"0\" scrolling=\"no\" width=\"310\" height=\"430\">\r\n\t\t<\/iframe>\r\n\t\t<textarea name=\"g-recaptcha-response\" rows=\"3\" cols=\"40\" placeholder=\"Aqu\u00ed la respuesta de reCAPTCHA\">\r\n\t\t<\/textarea>\r\n\t<\/div>\r\n<\/noscript>\r\n<\/div>\n<div style=\u201dclear: both;\u201d>&nbsp;<\/div>\n<p><input type=\"submit\" value=\"Enviar\" class=\"wpcf7-form-control wpcf7-submit\" \/><\/p>\n<div class=\"wpcf7-response-output\" role=\"alert\" aria-hidden=\"true\"><\/div><\/form><\/div>[\/vc_column][vc_column width=\u00bb1\/3&#8243;][\/vc_column][\/vc_row]<\/p>\n","protected":false},"excerpt":{"rendered":"[vc_row 0=\u00bb\u00bb][vc_column][vc_column_text 0=\u00bb\u00bb] [\/vc_column_text][\/vc_column][\/vc_row][vc_row][vc_column][vc_empty_space][\/vc_column][\/vc_row][vc_row 0=\u00bb\u00bb][vc_column 0=\u00bb\u00bb][vc_column_text 0=\u00bb\u00bb] VISITAS ESCOLARES \u00bfSabes todo lo que tiene que suceder para que nuestros productos lleguen a tus manos? \u00a1Ven y divi\u00e9rtete con tus compa\u00f1eros de escuela en el Club de amigos de Azor\u00edn! [\/vc_column_text][\/vc_column][\/vc_row][vc_row 0=\u00bb\u00bb][vc_column width=\u00bb1\/3&#8243;][\/vc_column][vc_column width=\u00bb1\/3&#8243;][\/vc_column][vc_column width=\u00bb1\/3&#8243;][\/vc_column][\/vc_row]","protected":false},"author":10,"featured_media":0,"parent":0,"menu_order":0,"comment_status":"closed","ping_status":"closed","template":"","meta":{"generate_page_header":"","spay_email":"","footnotes":""},"class_list":["post-400","page","type-page","status-publish"],"yoast_head":"<!-- This site is optimized with the Yoast SEO plugin v14.9 - https:\/\/yoast.com\/wordpress\/plugins\/seo\/ -->\n<title>Visitas escolares - Azor<\/title>\n<meta name=\"robots\" content=\"index, follow, max-snippet:-1, max-image-preview:large, max-video-preview:-1\" \/>\n<link rel=\"canonical\" href=\"http:\/\/azor.com.co\/index.php\/visitas-escolares\/\" \/>\n<meta property=\"og:locale\" content=\"es_ES\" \/>\n<meta property=\"og:type\" content=\"article\" \/>\n<meta property=\"og:title\" content=\"Visitas escolares - Azor\" \/>\n<meta property=\"og:description\" content=\"[vc_row 0=\u00bb\u00bb][vc_column][vc_column_text 0=\u00bb\u00bb] [\/vc_column_text][\/vc_column][\/vc_row][vc_row][vc_column][vc_empty_space][\/vc_column][\/vc_row][vc_row 0=\u00bb\u00bb][vc_column 0=\u00bb\u00bb][vc_column_text 0=\u00bb\u00bb] VISITAS ESCOLARES \u00bfSabes todo lo que tiene que suceder para que nuestros productos lleguen a tus manos? \u00a1Ven y divi\u00e9rtete con tus compa\u00f1eros de escuela en el Club de amigos de Azor\u00edn! [\/vc_column_text][\/vc_column][\/vc_row][vc_row 0=\u00bb\u00bb][vc_column width=\u00bb1\/3&#8243;][\/vc_column][vc_column width=\u00bb1\/3&#8243;][\/vc_column][vc_column width=\u00bb1\/3&#8243;][\/vc_column][\/vc_row]\" \/>\n<meta property=\"og:url\" content=\"http:\/\/azor.com.co\/index.php\/visitas-escolares\/\" \/>\n<meta property=\"og:site_name\" content=\"Azor\" \/>\n<meta property=\"article:modified_time\" content=\"2017-11-28T04:51:32+00:00\" \/>\n<meta name=\"twitter:card\" content=\"summary\" \/>\n<script type=\"application\/ld+json\" class=\"yoast-schema-graph\">{\"@context\":\"https:\/\/schema.org\",\"@graph\":[{\"@type\":\"WebSite\",\"@id\":\"http:\/\/azor.com.co\/#website\",\"url\":\"http:\/\/azor.com.co\/\",\"name\":\"Azor\",\"description\":\"\",\"potentialAction\":[{\"@type\":\"SearchAction\",\"target\":\"http:\/\/azor.com.co\/?s={search_term_string}\",\"query-input\":\"required name=search_term_string\"}],\"inLanguage\":\"es\"},{\"@type\":\"WebPage\",\"@id\":\"http:\/\/azor.com.co\/index.php\/visitas-escolares\/#webpage\",\"url\":\"http:\/\/azor.com.co\/index.php\/visitas-escolares\/\",\"name\":\"Visitas escolares - Azor\",\"isPartOf\":{\"@id\":\"http:\/\/azor.com.co\/#website\"},\"datePublished\":\"2017-11-19T03:37:39+00:00\",\"dateModified\":\"2017-11-28T04:51:32+00:00\",\"inLanguage\":\"es\",\"potentialAction\":[{\"@type\":\"ReadAction\",\"target\":[\"http:\/\/azor.com.co\/index.php\/visitas-escolares\/\"]}]}]}<\/script>\n<!-- \/ Yoast SEO plugin. -->","jetpack_sharing_enabled":true,"jetpack_shortlink":"https:\/\/wp.me\/P9x4YW-6s","_links":{"self":[{"href":"http:\/\/azor.com.co\/index.php\/wp-json\/wp\/v2\/pages\/400","targetHints":{"allow":["GET"]}}],"collection":[{"href":"http:\/\/azor.com.co\/index.php\/wp-json\/wp\/v2\/pages"}],"about":[{"href":"http:\/\/azor.com.co\/index.php\/wp-json\/wp\/v2\/types\/page"}],"author":[{"embeddable":true,"href":"http:\/\/azor.com.co\/index.php\/wp-json\/wp\/v2\/users\/10"}],"replies":[{"embeddable":true,"href":"http:\/\/azor.com.co\/index.php\/wp-json\/wp\/v2\/comments?post=400"}],"version-history":[{"count":5,"href":"http:\/\/azor.com.co\/index.php\/wp-json\/wp\/v2\/pages\/400\/revisions"}],"predecessor-version":[{"id":962,"href":"http:\/\/azor.com.co\/index.php\/wp-json\/wp\/v2\/pages\/400\/revisions\/962"}],"wp:attachment":[{"href":"http:\/\/azor.com.co\/index.php\/wp-json\/wp\/v2\/media?parent=400"}],"curies":[{"name":"wp","href":"https:\/\/api.w.org\/{rel}","templated":true}]}}