{"id":2946,"date":"2020-07-22T12:57:36","date_gmt":"2020-07-22T18:57:36","guid":{"rendered":"http:\/\/azor.com.co\/?page_id=2946"},"modified":"2020-07-22T13:01:51","modified_gmt":"2020-07-22T19:01:51","slug":"comprar-en-linea","status":"publish","type":"page","link":"http:\/\/azor.com.co\/index.php\/comprar-en-linea\/","title":{"rendered":"Comprar en L\u00ednea"},"content":{"rendered":"\t\t<div data-elementor-type=\"wp-page\" data-elementor-id=\"2946\" class=\"elementor elementor-2946\" data-elementor-settings=\"[]\">\n\t\t\t\t\t\t<div class=\"elementor-inner\">\n\t\t\t\t\t\t\t<div class=\"elementor-section-wrap\">\n\t\t\t\t\t\t\t<section class=\"elementor-section elementor-top-section elementor-element elementor-element-ed7e79 elementor-section-boxed elementor-section-height-default elementor-section-height-default\" data-id=\"ed7e79\" data-element_type=\"section\">\n\t\t\t\t\t\t<div class=\"elementor-container elementor-column-gap-default\">\n\t\t\t\t\t\t\t<div class=\"elementor-row\">\n\t\t\t\t\t<div class=\"elementor-column elementor-col-100 elementor-top-column elementor-element elementor-element-fb4a1ed\" data-id=\"fb4a1ed\" data-element_type=\"column\">\n\t\t\t<div class=\"elementor-column-wrap elementor-element-populated\">\n\t\t\t\t\t\t\t<div class=\"elementor-widget-wrap\">\n\t\t\t\t\t\t<div class=\"elementor-element elementor-element-19157a7a elementor-widget elementor-widget-text-editor\" data-id=\"19157a7a\" data-element_type=\"widget\" data-widget_type=\"text-editor.default\">\n\t\t\t\t<div class=\"elementor-widget-container\">\n\t\t\t\t\t<div class=\"elementor-text-editor elementor-clearfix\"><!-- wp:fl-builder\/layout \/--><\/div>\n\t\t\t\t<\/div>\n\t\t\t\t<\/div>\n\t\t\t\t\t\t<\/div>\n\t\t\t\t\t<\/div>\n\t\t<\/div>\n\t\t\t\t\t\t\t\t<\/div>\n\t\t\t\t\t<\/div>\n\t\t<\/section>\n\t\t\t\t<section class=\"elementor-section elementor-top-section elementor-element elementor-element-2d7b2a7 elementor-section-boxed elementor-section-height-default elementor-section-height-default\" data-id=\"2d7b2a7\" data-element_type=\"section\">\n\t\t\t\t\t\t<div class=\"elementor-container elementor-column-gap-default\">\n\t\t\t\t\t\t\t<div class=\"elementor-row\">\n\t\t\t\t\t<div class=\"elementor-column elementor-col-33 elementor-top-column elementor-element elementor-element-64c7e9d\" data-id=\"64c7e9d\" data-element_type=\"column\">\n\t\t\t<div class=\"elementor-column-wrap\">\n\t\t\t\t\t\t\t<div class=\"elementor-widget-wrap\">\n\t\t\t\t\t\t\t\t<\/div>\n\t\t\t\t\t<\/div>\n\t\t<\/div>\n\t\t\t\t<div class=\"elementor-column elementor-col-33 elementor-top-column elementor-element elementor-element-2a7a2cc\" data-id=\"2a7a2cc\" data-element_type=\"column\">\n\t\t\t<div class=\"elementor-column-wrap elementor-element-populated\">\n\t\t\t\t\t\t\t<div class=\"elementor-widget-wrap\">\n\t\t\t\t\t\t<div class=\"elementor-element elementor-element-05b3aec elementor-widget elementor-widget-image\" data-id=\"05b3aec\" data-element_type=\"widget\" data-widget_type=\"image.default\">\n\t\t\t\t<div class=\"elementor-widget-container\">\n\t\t\t\t\t<div class=\"elementor-image\">\n\t\t\t\t\t\t\t\t\t\t<img loading=\"lazy\" decoding=\"async\" width=\"536\" height=\"229\" src=\"http:\/\/azor.com.co\/wp-content\/uploads\/2020\/07\/Azor-Logo-sin-Pleca-2015_Artboard.jpg\" class=\"attachment-large size-large\" alt=\"\" srcset=\"http:\/\/azor.com.co\/wp-content\/uploads\/2020\/07\/Azor-Logo-sin-Pleca-2015_Artboard.jpg 536w, http:\/\/azor.com.co\/wp-content\/uploads\/2020\/07\/Azor-Logo-sin-Pleca-2015_Artboard-300x128.jpg 300w\" sizes=\"auto, (max-width: 536px) 100vw, 536px\" \/>\t\t\t\t\t\t\t\t\t\t\t<\/div>\n\t\t\t\t<\/div>\n\t\t\t\t<\/div>\n\t\t\t\t\t\t<\/div>\n\t\t\t\t\t<\/div>\n\t\t<\/div>\n\t\t\t\t<div class=\"elementor-column elementor-col-33 elementor-top-column elementor-element elementor-element-15e4081\" data-id=\"15e4081\" data-element_type=\"column\">\n\t\t\t<div class=\"elementor-column-wrap\">\n\t\t\t\t\t\t\t<div class=\"elementor-widget-wrap\">\n\t\t\t\t\t\t\t\t<\/div>\n\t\t\t\t\t<\/div>\n\t\t<\/div>\n\t\t\t\t\t\t\t\t<\/div>\n\t\t\t\t\t<\/div>\n\t\t<\/section>\n\t\t\t\t<section class=\"elementor-section elementor-top-section elementor-element elementor-element-ba0427a elementor-section-boxed elementor-section-height-default elementor-section-height-default\" data-id=\"ba0427a\" data-element_type=\"section\">\n\t\t\t\t\t\t<div class=\"elementor-container elementor-column-gap-default\">\n\t\t\t\t\t\t\t<div class=\"elementor-row\">\n\t\t\t\t\t<div class=\"elementor-column elementor-col-100 elementor-top-column elementor-element elementor-element-bf4f4bb\" data-id=\"bf4f4bb\" data-element_type=\"column\">\n\t\t\t<div class=\"elementor-column-wrap elementor-element-populated\">\n\t\t\t\t\t\t\t<div class=\"elementor-widget-wrap\">\n\t\t\t\t\t\t<div class=\"elementor-element elementor-element-8f6c931 elementor-widget elementor-widget-heading\" data-id=\"8f6c931\" data-element_type=\"widget\" data-widget_type=\"heading.default\">\n\t\t\t\t<div class=\"elementor-widget-container\">\n\t\t\t<h2 class=\"elementor-heading-title elementor-size-default\">Aviso Importante<\/h2>\t\t<\/div>\n\t\t\t\t<\/div>\n\t\t\t\t\t\t<\/div>\n\t\t\t\t\t<\/div>\n\t\t<\/div>\n\t\t\t\t\t\t\t\t<\/div>\n\t\t\t\t\t<\/div>\n\t\t<\/section>\n\t\t\t\t<section class=\"elementor-section elementor-top-section elementor-element elementor-element-d4e629c elementor-section-boxed elementor-section-height-default elementor-section-height-default\" data-id=\"d4e629c\" data-element_type=\"section\">\n\t\t\t\t\t\t<div class=\"elementor-container elementor-column-gap-default\">\n\t\t\t\t\t\t\t<div class=\"elementor-row\">\n\t\t\t\t\t<div class=\"elementor-column elementor-col-100 elementor-top-column elementor-element elementor-element-89ad0da\" data-id=\"89ad0da\" data-element_type=\"column\">\n\t\t\t<div class=\"elementor-column-wrap elementor-element-populated\">\n\t\t\t\t\t\t\t<div class=\"elementor-widget-wrap\">\n\t\t\t\t\t\t<div class=\"elementor-element elementor-element-59baa20 elementor-widget elementor-widget-text-editor\" data-id=\"59baa20\" data-element_type=\"widget\" data-widget_type=\"text-editor.default\">\n\t\t\t\t<div class=\"elementor-widget-container\">\n\t\t\t\t\t<div class=\"elementor-text-editor elementor-clearfix\"><p style=\"text-align: center;\">En esta secci\u00f3n Grupo Azor pone a disposici\u00f3n de sus clientes finales la red de distribuidores que cuentan con venta en l\u00ednea.<\/p>\n<p style=\"text-align: center;\">&#8211; Cada distribuidor maneja diferentes productos, en Grupo Azor no nos hacemos responsables por la oferta y\/o gama de productos que cada uno de ellos ofrece.<\/p>\n<p style=\"text-align: center;\">&#8211; La compra se realiza directamente a trav\u00e9s de la tienda en l\u00ednea de cada distribuidor, Grupo Azor no se hace responsable por existencias, cargos, tiempos de entrega, estados del producto, uso y recolecci\u00f3n de datos personales, facturaci\u00f3n, devoluciones, etc.<\/p>\n<p style=\"text-align: center;\">&#8211; Cualquier duda o aclaraci\u00f3n requerida sobre alguna compra en l\u00ednea deber\u00e1 ser siempre a trav\u00e9s del distribuidor con el que se hizo la transacci\u00f3n.<\/p><\/div>\n\t\t\t\t<\/div>\n\t\t\t\t<\/div>\n\t\t\t\t\t\t<\/div>\n\t\t\t\t\t<\/div>\n\t\t<\/div>\n\t\t\t\t\t\t\t\t<\/div>\n\t\t\t\t\t<\/div>\n\t\t<\/section>\n\t\t\t\t<section class=\"elementor-section elementor-top-section elementor-element elementor-element-19a38d9 elementor-section-boxed elementor-section-height-default elementor-section-height-default\" data-id=\"19a38d9\" data-element_type=\"section\">\n\t\t\t\t\t\t<div class=\"elementor-container elementor-column-gap-default\">\n\t\t\t\t\t\t\t<div class=\"elementor-row\">\n\t\t\t\t\t<div class=\"elementor-column elementor-col-33 elementor-top-column elementor-element elementor-element-3dc038f\" data-id=\"3dc038f\" data-element_type=\"column\">\n\t\t\t<div class=\"elementor-column-wrap\">\n\t\t\t\t\t\t\t<div class=\"elementor-widget-wrap\">\n\t\t\t\t\t\t\t\t<\/div>\n\t\t\t\t\t<\/div>\n\t\t<\/div>\n\t\t\t\t<div class=\"elementor-column elementor-col-33 elementor-top-column elementor-element elementor-element-6b80489\" data-id=\"6b80489\" data-element_type=\"column\">\n\t\t\t<div class=\"elementor-column-wrap elementor-element-populated\">\n\t\t\t\t\t\t\t<div class=\"elementor-widget-wrap\">\n\t\t\t\t\t\t<div class=\"elementor-element elementor-element-dbf6bd8 elementor-widget elementor-widget-premium-addon-button\" data-id=\"dbf6bd8\" data-element_type=\"widget\" data-widget_type=\"premium-addon-button.default\">\n\t\t\t\t<div class=\"elementor-widget-container\">\n\t\t\t\r\n    <div class=\"premium-button-container\">\r\n        <a class=\"premium-button premium-button-lg premium-button-style4-bottom\" href=\"http:\/\/azor.com.co\/index.php\/comprar-en-linea-colombia\/\">\r\n            <div class=\"premium-button-text-icon-wrapper\">\r\n                                <span >Acepto<\/span>\r\n                            <\/div>\r\n                            <div class=\"premium-button-style4-icon-wrapper bottom\">\r\n                                            <i aria-hidden=\"true\" class=\"fas fa-check\"><\/i>                                    <\/div>\r\n                    <\/a>\r\n    <\/div>\r\n\r\n    \t\t<\/div>\n\t\t\t\t<\/div>\n\t\t\t\t\t\t<\/div>\n\t\t\t\t\t<\/div>\n\t\t<\/div>\n\t\t\t\t<div class=\"elementor-column elementor-col-33 elementor-top-column elementor-element elementor-element-f6d59d4\" data-id=\"f6d59d4\" data-element_type=\"column\">\n\t\t\t<div class=\"elementor-column-wrap\">\n\t\t\t\t\t\t\t<div class=\"elementor-widget-wrap\">\n\t\t\t\t\t\t\t\t<\/div>\n\t\t\t\t\t<\/div>\n\t\t<\/div>\n\t\t\t\t\t\t\t\t<\/div>\n\t\t\t\t\t<\/div>\n\t\t<\/section>\n\t\t\t\t<section class=\"elementor-section elementor-top-section elementor-element elementor-element-8c29369 elementor-section-stretched elementor-section-content-bottom elementor-section-boxed elementor-section-height-default elementor-section-height-default\" data-id=\"8c29369\" data-element_type=\"section\" data-settings=\"{&quot;stretch_section&quot;:&quot;section-stretched&quot;}\">\n\t\t\t\t\t\t<div class=\"elementor-container elementor-column-gap-default\">\n\t\t\t\t\t\t\t<div class=\"elementor-row\">\n\t\t\t\t\t<div class=\"elementor-column elementor-col-33 elementor-top-column elementor-element elementor-element-4ce65b4\" data-id=\"4ce65b4\" data-element_type=\"column\">\n\t\t\t<div class=\"elementor-column-wrap\">\n\t\t\t\t\t\t\t<div class=\"elementor-widget-wrap\">\n\t\t\t\t\t\t\t\t<\/div>\n\t\t\t\t\t<\/div>\n\t\t<\/div>\n\t\t\t\t<div class=\"elementor-column elementor-col-33 elementor-top-column elementor-element elementor-element-1f0431b\" data-id=\"1f0431b\" data-element_type=\"column\">\n\t\t\t<div class=\"elementor-column-wrap elementor-element-populated\">\n\t\t\t\t\t\t\t<div class=\"elementor-widget-wrap\">\n\t\t\t\t\t\t<div class=\"elementor-element elementor-element-34bc706 elementor-widget elementor-widget-image\" data-id=\"34bc706\" data-element_type=\"widget\" data-widget_type=\"image.default\">\n\t\t\t\t<div class=\"elementor-widget-container\">\n\t\t\t\t\t<div class=\"elementor-image\">\n\t\t\t\t\t\t\t\t\t\t<img loading=\"lazy\" decoding=\"async\" width=\"1024\" height=\"166\" src=\"http:\/\/azor.com.co\/wp-content\/uploads\/2020\/07\/tira-productos-2-1024x166.png\" class=\"attachment-large size-large\" alt=\"\" srcset=\"http:\/\/azor.com.co\/wp-content\/uploads\/2020\/07\/tira-productos-2-1024x166.png 1024w, http:\/\/azor.com.co\/wp-content\/uploads\/2020\/07\/tira-productos-2-300x49.png 300w, http:\/\/azor.com.co\/wp-content\/uploads\/2020\/07\/tira-productos-2-768x124.png 768w, http:\/\/azor.com.co\/wp-content\/uploads\/2020\/07\/tira-productos-2-600x97.png 600w, http:\/\/azor.com.co\/wp-content\/uploads\/2020\/07\/tira-productos-2.png 1181w\" sizes=\"auto, (max-width: 1024px) 100vw, 1024px\" \/>\t\t\t\t\t\t\t\t\t\t\t<\/div>\n\t\t\t\t<\/div>\n\t\t\t\t<\/div>\n\t\t\t\t\t\t<\/div>\n\t\t\t\t\t<\/div>\n\t\t<\/div>\n\t\t\t\t<div class=\"elementor-column elementor-col-33 elementor-top-column elementor-element elementor-element-2f69496\" data-id=\"2f69496\" data-element_type=\"column\">\n\t\t\t<div class=\"elementor-column-wrap\">\n\t\t\t\t\t\t\t<div class=\"elementor-widget-wrap\">\n\t\t\t\t\t\t\t\t<\/div>\n\t\t\t\t\t<\/div>\n\t\t<\/div>\n\t\t\t\t\t\t\t\t<\/div>\n\t\t\t\t\t<\/div>\n\t\t<\/section>\n\t\t\t\t\t\t<\/div>\n\t\t\t\t\t\t<\/div>\n\t\t\t\t\t<\/div>\n\t\t","protected":false},"excerpt":{"rendered":"Aviso Importante En esta secci\u00f3n Grupo Azor pone a disposici\u00f3n de sus clientes finales la red de distribuidores que cuentan con venta en l\u00ednea. &#8211; Cada distribuidor maneja diferentes productos, en Grupo Azor no nos hacemos responsables por la oferta y\/o gama de productos que cada uno de ellos ofrece. &#8211; La compra se realiza &#8230; <a title=\"Comprar en L\u00ednea\" class=\"read-more\" href=\"http:\/\/azor.com.co\/index.php\/comprar-en-linea\/\">Leer m\u00e1s<\/a>","protected":false},"author":10,"featured_media":0,"parent":0,"menu_order":0,"comment_status":"closed","ping_status":"closed","template":"","meta":{"generate_page_header":"","spay_email":"","footnotes":""},"class_list":["post-2946","page","type-page","status-publish"],"yoast_head":"<!-- This site is optimized with the Yoast SEO plugin v14.9 - https:\/\/yoast.com\/wordpress\/plugins\/seo\/ -->\n<title>Comprar en L\u00ednea - Azor<\/title>\n<meta name=\"robots\" content=\"index, follow, max-snippet:-1, max-image-preview:large, max-video-preview:-1\" \/>\n<link rel=\"canonical\" href=\"http:\/\/azor.com.co\/index.php\/comprar-en-linea\/\" \/>\n<meta property=\"og:locale\" content=\"es_ES\" \/>\n<meta property=\"og:type\" content=\"article\" \/>\n<meta property=\"og:title\" content=\"Comprar en L\u00ednea - Azor\" \/>\n<meta property=\"og:description\" content=\"Aviso Importante En esta secci\u00f3n Grupo Azor pone a disposici\u00f3n de sus clientes finales la red de distribuidores que cuentan con venta en l\u00ednea. &#8211; Cada distribuidor maneja diferentes productos, en Grupo Azor no nos hacemos responsables por la oferta y\/o gama de productos que cada uno de ellos ofrece. &#8211; La compra se realiza ... Leer m\u00e1s\" \/>\n<meta property=\"og:url\" content=\"http:\/\/azor.com.co\/index.php\/comprar-en-linea\/\" \/>\n<meta property=\"og:site_name\" content=\"Azor\" \/>\n<meta property=\"article:modified_time\" content=\"2020-07-22T19:01:51+00:00\" \/>\n<meta property=\"og:image\" content=\"http:\/\/azor.com.co\/wp-content\/uploads\/2020\/07\/Azor-Logo-sin-Pleca-2015_Artboard.jpg\" \/>\n<meta name=\"twitter:card\" content=\"summary\" \/>\n<script type=\"application\/ld+json\" class=\"yoast-schema-graph\">{\"@context\":\"https:\/\/schema.org\",\"@graph\":[{\"@type\":\"WebSite\",\"@id\":\"http:\/\/azor.com.co\/#website\",\"url\":\"http:\/\/azor.com.co\/\",\"name\":\"Azor\",\"description\":\"\",\"potentialAction\":[{\"@type\":\"SearchAction\",\"target\":\"http:\/\/azor.com.co\/?s={search_term_string}\",\"query-input\":\"required name=search_term_string\"}],\"inLanguage\":\"es\"},{\"@type\":\"ImageObject\",\"@id\":\"http:\/\/azor.com.co\/index.php\/comprar-en-linea\/#primaryimage\",\"inLanguage\":\"es\",\"url\":\"http:\/\/azor.com.co\/wp-content\/uploads\/2020\/07\/Azor-Logo-sin-Pleca-2015_Artboard.jpg\",\"width\":536,\"height\":229},{\"@type\":\"WebPage\",\"@id\":\"http:\/\/azor.com.co\/index.php\/comprar-en-linea\/#webpage\",\"url\":\"http:\/\/azor.com.co\/index.php\/comprar-en-linea\/\",\"name\":\"Comprar en L\\u00ednea - Azor\",\"isPartOf\":{\"@id\":\"http:\/\/azor.com.co\/#website\"},\"primaryImageOfPage\":{\"@id\":\"http:\/\/azor.com.co\/index.php\/comprar-en-linea\/#primaryimage\"},\"datePublished\":\"2020-07-22T18:57:36+00:00\",\"dateModified\":\"2020-07-22T19:01:51+00:00\",\"inLanguage\":\"es\",\"potentialAction\":[{\"@type\":\"ReadAction\",\"target\":[\"http:\/\/azor.com.co\/index.php\/comprar-en-linea\/\"]}]}]}<\/script>\n<!-- \/ Yoast SEO plugin. -->","jetpack_sharing_enabled":true,"jetpack_shortlink":"https:\/\/wp.me\/P9x4YW-Lw","_links":{"self":[{"href":"http:\/\/azor.com.co\/index.php\/wp-json\/wp\/v2\/pages\/2946","targetHints":{"allow":["GET"]}}],"collection":[{"href":"http:\/\/azor.com.co\/index.php\/wp-json\/wp\/v2\/pages"}],"about":[{"href":"http:\/\/azor.com.co\/index.php\/wp-json\/wp\/v2\/types\/page"}],"author":[{"embeddable":true,"href":"http:\/\/azor.com.co\/index.php\/wp-json\/wp\/v2\/users\/10"}],"replies":[{"embeddable":true,"href":"http:\/\/azor.com.co\/index.php\/wp-json\/wp\/v2\/comments?post=2946"}],"version-history":[{"count":3,"href":"http:\/\/azor.com.co\/index.php\/wp-json\/wp\/v2\/pages\/2946\/revisions"}],"predecessor-version":[{"id":2952,"href":"http:\/\/azor.com.co\/index.php\/wp-json\/wp\/v2\/pages\/2946\/revisions\/2952"}],"wp:attachment":[{"href":"http:\/\/azor.com.co\/index.php\/wp-json\/wp\/v2\/media?parent=2946"}],"curies":[{"name":"wp","href":"https:\/\/api.w.org\/{rel}","templated":true}]}}